{"id":36,"date":"2023-11-24T16:01:40","date_gmt":"2023-11-24T15:01:40","guid":{"rendered":"https:\/\/www.kazuki.eu\/consulting\/?page_id=36"},"modified":"2025-07-20T17:15:11","modified_gmt":"2025-07-20T15:15:11","slug":"a-propos","status":"publish","type":"page","link":"https:\/\/www.kazuki.eu\/consulting\/a-propos\/","title":{"rendered":"A propos"},"content":{"rendered":"\n<div class=\"wp-block-uagb-container uagb-block-804414ff alignfull uagb-is-root-container\"><div class=\"uagb-container-inner-blocks-wrap\"><div class=\"yoast-breadcrumbs\"><span><span><a href=\"https:\/\/www.kazuki.eu\/consulting\/\">Accueil<\/a><\/span> \u00bb <span class=\"breadcrumb_last\" aria-current=\"page\">A propos<\/span><\/span><\/div>\n\n\n<div class=\"wp-block-uagb-advanced-heading uagb-block-5f916a0c\"><h1 class=\"uagb-heading-text\">Allier bien-\u00eatre et performance : une n\u00e9cessit\u00e9, pas une utopie<\/h1><\/div>\n<\/div><\/div>\n\n\n\n<div class=\"wp-block-uagb-advanced-heading uagb-block-31eb4bf7 title-with-separator\"><h2 class=\"uagb-heading-text\">Qui suis-je ?<\/h2><p class=\"uagb-desc-text\"><strong>\u00c0 propos de Val\u00e9rie Delmulle<\/strong><\/p><\/div>\n\n\n\n<div class=\"wp-block-uagb-container uagb-block-030c036c alignfull uagb-is-root-container\"><div class=\"uagb-container-inner-blocks-wrap\">\n<div class=\"wp-block-uagb-container uagb-block-923c5a3c\">\n<div class=\"wp-block-uagb-image aligncenter uagb-block-0ce87a1c wp-block-uagb-image--layout-default wp-block-uagb-image--effect-static wp-block-uagb-image--align-center\"><figure class=\"wp-block-uagb-image__figure\"><img decoding=\"async\" srcset=\"https:\/\/www.kazuki.eu\/consulting\/wp-content\/uploads\/sites\/4\/2024\/07\/valerie-delmulle-kazuki-sophrologue-coach-247x300.jpg ,https:\/\/www.kazuki.eu\/consulting\/wp-content\/uploads\/sites\/4\/2024\/07\/valerie-delmulle-kazuki-sophrologue-coach.jpg 780w, https:\/\/www.kazuki.eu\/consulting\/wp-content\/uploads\/sites\/4\/2024\/07\/valerie-delmulle-kazuki-sophrologue-coach.jpg 360w\" sizes=\"auto, (max-width: 480px) 150px\" src=\"https:\/\/www.kazuki.eu\/consulting\/wp-content\/uploads\/sites\/4\/2024\/07\/valerie-delmulle-kazuki-sophrologue-coach-247x300.jpg\" alt=\"\" class=\"uag-image-141\" width=\"247\" height=\"300\" title=\"valerie-delmulle-kazuki-sophrologue-coach\" loading=\"lazy\" role=\"img\"\/><\/figure><\/div>\n<\/div>\n\n\n\n<div class=\"wp-block-uagb-container uagb-block-0f758a56\">\n<div class=\"wp-block-uagb-container uagb-block-b06aad80\">\n<p><strong><em><strong><em>\u00ab\u00a0Les entreprises qui r\u00e9ussiront demain sont celles qui prennent soin des humains aujourd\u2019hui.\u00a0\u00bb<\/em><\/strong><\/em><\/strong><\/p>\n\n\n\n<div class=\"wp-block-uagb-container uagb-layout-grid uagb-block-677f25fe\">\n<div class=\"wp-block-group is-layout-constrained wp-block-group-is-layout-constrained\">\n<p>J\u2019ai travaill\u00e9 pendant plus de 25 ans en entreprise. J\u2019ai vu l\u2019engagement, l\u2019ambition, la passion\u2026 mais aussi le stress chronique, les non-dits, les burn out en cascade, les pertes de sens qui rongent de l\u2019int\u00e9rieur.<br>J\u2019ai moi-m\u00eame travers\u00e9 cette fracture entre ce que je vivais et ce que je voulais incarner.<\/p>\n\n\n\n<p>C\u2019est cette exp\u00e9rience du terrain, alli\u00e9e \u00e0 mon expertise d\u2019accompagnement, que j\u2019apporte aujourd\u2019hui aux organisations.<\/p>\n<\/div>\n<\/div>\n<\/div>\n<\/div>\n<\/div><\/div>\n\n\n\n<div class=\"wp-block-uagb-container uagb-block-ad9818bf alignfull uagb-is-root-container\"><div class=\"uagb-container-inner-blocks-wrap\">\n<div class=\"wp-block-group is-layout-constrained wp-block-group-is-layout-constrained\">\n<p>Je propose aux entreprises des accompagnements concrets, ancr\u00e9s dans les r\u00e9alit\u00e9s du monde du travail :<\/p>\n\n\n\n<ul class=\"wp-block-list\">\n<li><strong><strong>Coaching de dirigeants et de managers<\/strong><\/strong>;<\/li>\n\n\n\n<li><strong><strong>Accompagnement des transformations<\/strong> (changement de culture, r\u00e9organisation, croissance rapide)<\/strong>;<\/li>\n\n\n\n<li><strong>Pr\u00e9vention et gestion du burn out<\/strong>;<\/li>\n\n\n\n<li><strong>D\u00e9veloppement de la posture manag\u00e9riale et de la communication \u00e9motionnelle<\/strong>;<\/li>\n\n\n\n<li><strong>Ateliers QVT, intelligence \u00e9motionnelle, coh\u00e9sion d\u2019\u00e9quipe, sens au travail\u2026<\/strong><\/li>\n<\/ul>\n<\/div>\n\n\n\n<div class=\"wp-block-group is-layout-constrained wp-block-group-is-layout-constrained\">\n<p>Mon expertise repose sur :<\/p>\n\n\n\n<ul class=\"wp-block-list\">\n<li><strong><strong>25 ans en entreprise dans des fonctions de pilotage<\/strong><\/strong>;<\/li>\n\n\n\n<li><strong><strong>Une formation solide : coaching certifi\u00e9, sophrologie, psychologie jungienne, techniques de gestion de stress et communication, MBTI\u00ae, TKI\u00ae, STRONG\u00ae&#8230;<\/strong><\/strong> ;<\/li>\n\n\n\n<li><strong>Une vision syst\u00e9mique : chaque organisation est un \u00e9cosyst\u00e8me vivant.<\/strong><\/li>\n<\/ul>\n<\/div>\n<\/div><\/div>\n\n\n\n<p>Kazuki\u00ae Consulting, ce n\u2019est pas une s\u00e9rie de solutions copi\u00e9es-coll\u00e9es.<br>C\u2019est une <strong>approche sur mesure<\/strong>, humaine et strat\u00e9gique, qui vise \u00e0 <strong>cr\u00e9er les conditions d\u2019un engagement durable<\/strong> au sein de vos \u00e9quipes.<\/p>\n","protected":false},"excerpt":{"rendered":"<p>Allier bien-\u00eatre et performance : une n\u00e9cessit\u00e9, pas une utopie Qui suis-je ? \u00c0 propos de Val\u00e9rie Delmulle \u00ab\u00a0Les entreprises qui r\u00e9ussiront demain sont celles qui prennent soin des humains aujourd\u2019hui.\u00a0\u00bb J\u2019ai travaill\u00e9 pendant plus de 25 ans en entreprise. J\u2019ai vu l\u2019engagement, l\u2019ambition, la passion\u2026 mais aussi le stress chronique, les non-dits, les burn [&hellip;]<\/p>\n","protected":false},"author":17,"featured_media":0,"parent":0,"menu_order":0,"comment_status":"closed","ping_status":"closed","template":"","format":[],"meta":{"_uag_custom_page_level_css":"","site-sidebar-layout":"default","site-content-layout":"","ast-site-content-layout":"default","site-content-style":"default","site-sidebar-style":"default","ast-global-header-display":"","ast-banner-title-visibility":"","ast-main-header-display":"","ast-hfb-above-header-display":"","ast-hfb-below-header-display":"","ast-hfb-mobile-header-display":"","site-post-title":"","ast-breadcrumbs-content":"","ast-featured-img":"","footer-sml-layout":"","ast-disable-related-posts":"","theme-transparent-header-meta":"","adv-header-id-meta":"","stick-header-meta":"","header-above-stick-meta":"","header-main-stick-meta":"","header-below-stick-meta":"","astra-migrate-meta-layouts":"default","ast-page-background-enabled":"default","ast-page-background-meta":{"desktop":{"background-color":"var(--ast-global-color-4)","background-image":"","background-repeat":"repeat","background-position":"center center","background-size":"auto","background-attachment":"scroll","background-type":"","background-media":"","overlay-type":"","overlay-color":"","overlay-opacity":"","overlay-gradient":""},"tablet":{"background-color":"","background-image":"","background-repeat":"repeat","background-position":"center center","background-size":"auto","background-attachment":"scroll","background-type":"","background-media":"","overlay-type":"","overlay-color":"","overlay-opacity":"","overlay-gradient":""},"mobile":{"background-color":"","background-image":"","background-repeat":"repeat","background-position":"center center","background-size":"auto","background-attachment":"scroll","background-type":"","background-media":"","overlay-type":"","overlay-color":"","overlay-opacity":"","overlay-gradient":""}},"ast-content-background-meta":{"desktop":{"background-color":"var(--ast-global-color-5)","background-image":"","background-repeat":"repeat","background-position":"center center","background-size":"auto","background-attachment":"scroll","background-type":"","background-media":"","overlay-type":"","overlay-color":"","overlay-opacity":"","overlay-gradient":""},"tablet":{"background-color":"var(--ast-global-color-5)","background-image":"","background-repeat":"repeat","background-position":"center center","background-size":"auto","background-attachment":"scroll","background-type":"","background-media":"","overlay-type":"","overlay-color":"","overlay-opacity":"","overlay-gradient":""},"mobile":{"background-color":"var(--ast-global-color-5)","background-image":"","background-repeat":"repeat","background-position":"center center","background-size":"auto","background-attachment":"scroll","background-type":"","background-media":"","overlay-type":"","overlay-color":"","overlay-opacity":"","overlay-gradient":""}},"footnotes":""},"formateur":[],"niveau":[],"modalite":[],"outil":[],"duree":[],"profil":[],"class_list":["post-36","page","type-page","status-publish","hentry"],"yoast_head":"<!-- This site is optimized with the Yoast SEO plugin v26.9 - https:\/\/yoast.com\/product\/yoast-seo-wordpress\/ -->\n<title>A propos - Kazuki Consulting<\/title>\n<meta name=\"robots\" content=\"index, follow, max-snippet:-1, max-image-preview:large, max-video-preview:-1\" \/>\n<link rel=\"canonical\" href=\"https:\/\/www.kazuki.eu\/consulting\/a-propos\/\" \/>\n<meta property=\"og:locale\" content=\"fr_FR\" \/>\n<meta property=\"og:type\" content=\"article\" \/>\n<meta property=\"og:title\" content=\"A propos - Kazuki Consulting\" \/>\n<meta property=\"og:description\" content=\"Allier bien-\u00eatre et performance : une n\u00e9cessit\u00e9, pas une utopie Qui suis-je ? \u00c0 propos de Val\u00e9rie Delmulle \u00ab\u00a0Les entreprises qui r\u00e9ussiront demain sont celles qui prennent soin des humains aujourd\u2019hui.\u00a0\u00bb J\u2019ai travaill\u00e9 pendant plus de 25 ans en entreprise. J\u2019ai vu l\u2019engagement, l\u2019ambition, la passion\u2026 mais aussi le stress chronique, les non-dits, les burn [&hellip;]\" \/>\n<meta property=\"og:url\" content=\"https:\/\/www.kazuki.eu\/consulting\/a-propos\/\" \/>\n<meta property=\"og:site_name\" content=\"Kazuki Consulting\" \/>\n<meta property=\"article:modified_time\" content=\"2025-07-20T15:15:11+00:00\" \/>\n<meta property=\"og:image\" content=\"https:\/\/www.kazuki.eu\/consulting\/wp-content\/uploads\/sites\/4\/2024\/07\/valerie-delmulle-kazuki-sophrologue-coach-247x300.jpg\" \/>\n<meta name=\"twitter:card\" content=\"summary_large_image\" \/>\n<meta name=\"twitter:label1\" content=\"Dur\u00e9e de lecture estim\u00e9e\" \/>\n\t<meta name=\"twitter:data1\" content=\"2 minutes\" \/>\n<script type=\"application\/ld+json\" class=\"yoast-schema-graph\">{\"@context\":\"https:\/\/schema.org\",\"@graph\":[{\"@type\":\"WebPage\",\"@id\":\"https:\/\/www.kazuki.eu\/consulting\/a-propos\/\",\"url\":\"https:\/\/www.kazuki.eu\/consulting\/a-propos\/\",\"name\":\"A propos - Kazuki Consulting\",\"isPartOf\":{\"@id\":\"https:\/\/www.kazuki.eu\/consulting\/#website\"},\"primaryImageOfPage\":{\"@id\":\"https:\/\/www.kazuki.eu\/consulting\/a-propos\/#primaryimage\"},\"image\":{\"@id\":\"https:\/\/www.kazuki.eu\/consulting\/a-propos\/#primaryimage\"},\"thumbnailUrl\":\"https:\/\/www.kazuki.eu\/consulting\/wp-content\/uploads\/sites\/4\/2024\/07\/valerie-delmulle-kazuki-sophrologue-coach-247x300.jpg\",\"datePublished\":\"2023-11-24T15:01:40+00:00\",\"dateModified\":\"2025-07-20T15:15:11+00:00\",\"breadcrumb\":{\"@id\":\"https:\/\/www.kazuki.eu\/consulting\/a-propos\/#breadcrumb\"},\"inLanguage\":\"fr-FR\",\"potentialAction\":[{\"@type\":\"ReadAction\",\"target\":[\"https:\/\/www.kazuki.eu\/consulting\/a-propos\/\"]}]},{\"@type\":\"ImageObject\",\"inLanguage\":\"fr-FR\",\"@id\":\"https:\/\/www.kazuki.eu\/consulting\/a-propos\/#primaryimage\",\"url\":\"https:\/\/www.kazuki.eu\/consulting\/wp-content\/uploads\/sites\/4\/2024\/07\/valerie-delmulle-kazuki-sophrologue-coach.jpg\",\"contentUrl\":\"https:\/\/www.kazuki.eu\/consulting\/wp-content\/uploads\/sites\/4\/2024\/07\/valerie-delmulle-kazuki-sophrologue-coach.jpg\",\"width\":956,\"height\":1159},{\"@type\":\"BreadcrumbList\",\"@id\":\"https:\/\/www.kazuki.eu\/consulting\/a-propos\/#breadcrumb\",\"itemListElement\":[{\"@type\":\"ListItem\",\"position\":1,\"name\":\"Accueil\",\"item\":\"https:\/\/www.kazuki.eu\/consulting\/\"},{\"@type\":\"ListItem\",\"position\":2,\"name\":\"A propos\"}]},{\"@type\":\"WebSite\",\"@id\":\"https:\/\/www.kazuki.eu\/consulting\/#website\",\"url\":\"https:\/\/www.kazuki.eu\/consulting\/\",\"name\":\"Kazuki Consulting\",\"description\":\"\",\"publisher\":{\"@id\":\"https:\/\/www.kazuki.eu\/consulting\/#organization\"},\"potentialAction\":[{\"@type\":\"SearchAction\",\"target\":{\"@type\":\"EntryPoint\",\"urlTemplate\":\"https:\/\/www.kazuki.eu\/consulting\/?s={search_term_string}\"},\"query-input\":{\"@type\":\"PropertyValueSpecification\",\"valueRequired\":true,\"valueName\":\"search_term_string\"}}],\"inLanguage\":\"fr-FR\"},{\"@type\":\"Organization\",\"@id\":\"https:\/\/www.kazuki.eu\/consulting\/#organization\",\"name\":\"Kazuki Consulting\",\"url\":\"https:\/\/www.kazuki.eu\/consulting\/\",\"logo\":{\"@type\":\"ImageObject\",\"inLanguage\":\"fr-FR\",\"@id\":\"https:\/\/www.kazuki.eu\/consulting\/#\/schema\/logo\/image\/\",\"url\":\"https:\/\/www.kazuki.eu\/consulting\/wp-content\/uploads\/sites\/4\/2023\/12\/cropped-kazuki-logo.png\",\"contentUrl\":\"https:\/\/www.kazuki.eu\/consulting\/wp-content\/uploads\/sites\/4\/2023\/12\/cropped-kazuki-logo.png\",\"width\":244,\"height\":112,\"caption\":\"Kazuki Consulting\"},\"image\":{\"@id\":\"https:\/\/www.kazuki.eu\/consulting\/#\/schema\/logo\/image\/\"}}]}<\/script>\n<!-- \/ Yoast SEO plugin. -->","yoast_head_json":{"title":"A propos - Kazuki Consulting","robots":{"index":"index","follow":"follow","max-snippet":"max-snippet:-1","max-image-preview":"max-image-preview:large","max-video-preview":"max-video-preview:-1"},"canonical":"https:\/\/www.kazuki.eu\/consulting\/a-propos\/","og_locale":"fr_FR","og_type":"article","og_title":"A propos - Kazuki Consulting","og_description":"Allier bien-\u00eatre et performance : une n\u00e9cessit\u00e9, pas une utopie Qui suis-je ? \u00c0 propos de Val\u00e9rie Delmulle \u00ab\u00a0Les entreprises qui r\u00e9ussiront demain sont celles qui prennent soin des humains aujourd\u2019hui.\u00a0\u00bb J\u2019ai travaill\u00e9 pendant plus de 25 ans en entreprise. J\u2019ai vu l\u2019engagement, l\u2019ambition, la passion\u2026 mais aussi le stress chronique, les non-dits, les burn [&hellip;]","og_url":"https:\/\/www.kazuki.eu\/consulting\/a-propos\/","og_site_name":"Kazuki Consulting","article_modified_time":"2025-07-20T15:15:11+00:00","og_image":[{"url":"https:\/\/www.kazuki.eu\/consulting\/wp-content\/uploads\/sites\/4\/2024\/07\/valerie-delmulle-kazuki-sophrologue-coach-247x300.jpg","type":"","width":"","height":""}],"twitter_card":"summary_large_image","twitter_misc":{"Dur\u00e9e de lecture estim\u00e9e":"2 minutes"},"schema":{"@context":"https:\/\/schema.org","@graph":[{"@type":"WebPage","@id":"https:\/\/www.kazuki.eu\/consulting\/a-propos\/","url":"https:\/\/www.kazuki.eu\/consulting\/a-propos\/","name":"A propos - Kazuki Consulting","isPartOf":{"@id":"https:\/\/www.kazuki.eu\/consulting\/#website"},"primaryImageOfPage":{"@id":"https:\/\/www.kazuki.eu\/consulting\/a-propos\/#primaryimage"},"image":{"@id":"https:\/\/www.kazuki.eu\/consulting\/a-propos\/#primaryimage"},"thumbnailUrl":"https:\/\/www.kazuki.eu\/consulting\/wp-content\/uploads\/sites\/4\/2024\/07\/valerie-delmulle-kazuki-sophrologue-coach-247x300.jpg","datePublished":"2023-11-24T15:01:40+00:00","dateModified":"2025-07-20T15:15:11+00:00","breadcrumb":{"@id":"https:\/\/www.kazuki.eu\/consulting\/a-propos\/#breadcrumb"},"inLanguage":"fr-FR","potentialAction":[{"@type":"ReadAction","target":["https:\/\/www.kazuki.eu\/consulting\/a-propos\/"]}]},{"@type":"ImageObject","inLanguage":"fr-FR","@id":"https:\/\/www.kazuki.eu\/consulting\/a-propos\/#primaryimage","url":"https:\/\/www.kazuki.eu\/consulting\/wp-content\/uploads\/sites\/4\/2024\/07\/valerie-delmulle-kazuki-sophrologue-coach.jpg","contentUrl":"https:\/\/www.kazuki.eu\/consulting\/wp-content\/uploads\/sites\/4\/2024\/07\/valerie-delmulle-kazuki-sophrologue-coach.jpg","width":956,"height":1159},{"@type":"BreadcrumbList","@id":"https:\/\/www.kazuki.eu\/consulting\/a-propos\/#breadcrumb","itemListElement":[{"@type":"ListItem","position":1,"name":"Accueil","item":"https:\/\/www.kazuki.eu\/consulting\/"},{"@type":"ListItem","position":2,"name":"A propos"}]},{"@type":"WebSite","@id":"https:\/\/www.kazuki.eu\/consulting\/#website","url":"https:\/\/www.kazuki.eu\/consulting\/","name":"Kazuki Consulting","description":"","publisher":{"@id":"https:\/\/www.kazuki.eu\/consulting\/#organization"},"potentialAction":[{"@type":"SearchAction","target":{"@type":"EntryPoint","urlTemplate":"https:\/\/www.kazuki.eu\/consulting\/?s={search_term_string}"},"query-input":{"@type":"PropertyValueSpecification","valueRequired":true,"valueName":"search_term_string"}}],"inLanguage":"fr-FR"},{"@type":"Organization","@id":"https:\/\/www.kazuki.eu\/consulting\/#organization","name":"Kazuki Consulting","url":"https:\/\/www.kazuki.eu\/consulting\/","logo":{"@type":"ImageObject","inLanguage":"fr-FR","@id":"https:\/\/www.kazuki.eu\/consulting\/#\/schema\/logo\/image\/","url":"https:\/\/www.kazuki.eu\/consulting\/wp-content\/uploads\/sites\/4\/2023\/12\/cropped-kazuki-logo.png","contentUrl":"https:\/\/www.kazuki.eu\/consulting\/wp-content\/uploads\/sites\/4\/2023\/12\/cropped-kazuki-logo.png","width":244,"height":112,"caption":"Kazuki Consulting"},"image":{"@id":"https:\/\/www.kazuki.eu\/consulting\/#\/schema\/logo\/image\/"}}]}},"acf":[],"uagb_featured_image_src":{"full":false,"thumbnail":false,"medium":false,"medium_large":false,"large":false,"1536x1536":false,"2048x2048":false},"uagb_author_info":{"display_name":"Mediakod","author_link":"https:\/\/www.kazuki.eu\/consulting\/author\/mediakod\/"},"uagb_comment_info":0,"uagb_excerpt":"Allier bien-\u00eatre et performance : une n\u00e9cessit\u00e9, pas une utopie Qui suis-je ? \u00c0 propos de Val\u00e9rie Delmulle \u00ab\u00a0Les entreprises qui r\u00e9ussiront demain sont celles qui prennent soin des humains aujourd\u2019hui.\u00a0\u00bb J\u2019ai travaill\u00e9 pendant plus de 25 ans en entreprise. J\u2019ai vu l\u2019engagement, l\u2019ambition, la passion\u2026 mais aussi le stress chronique, les non-dits, les burn\u2026","_links":{"self":[{"href":"https:\/\/www.kazuki.eu\/consulting\/wp-json\/wp\/v2\/pages\/36","targetHints":{"allow":["GET"]}}],"collection":[{"href":"https:\/\/www.kazuki.eu\/consulting\/wp-json\/wp\/v2\/pages"}],"about":[{"href":"https:\/\/www.kazuki.eu\/consulting\/wp-json\/wp\/v2\/types\/page"}],"author":[{"embeddable":true,"href":"https:\/\/www.kazuki.eu\/consulting\/wp-json\/wp\/v2\/users\/17"}],"replies":[{"embeddable":true,"href":"https:\/\/www.kazuki.eu\/consulting\/wp-json\/wp\/v2\/comments?post=36"}],"version-history":[{"count":8,"href":"https:\/\/www.kazuki.eu\/consulting\/wp-json\/wp\/v2\/pages\/36\/revisions"}],"predecessor-version":[{"id":12687,"href":"https:\/\/www.kazuki.eu\/consulting\/wp-json\/wp\/v2\/pages\/36\/revisions\/12687"}],"wp:attachment":[{"href":"https:\/\/www.kazuki.eu\/consulting\/wp-json\/wp\/v2\/media?parent=36"}],"wp:term":[{"taxonomy":"formateur","embeddable":true,"href":"https:\/\/www.kazuki.eu\/consulting\/wp-json\/wp\/v2\/formateur?post=36"},{"taxonomy":"niveau","embeddable":true,"href":"https:\/\/www.kazuki.eu\/consulting\/wp-json\/wp\/v2\/niveau?post=36"},{"taxonomy":"modalite","embeddable":true,"href":"https:\/\/www.kazuki.eu\/consulting\/wp-json\/wp\/v2\/modalite?post=36"},{"taxonomy":"outil","embeddable":true,"href":"https:\/\/www.kazuki.eu\/consulting\/wp-json\/wp\/v2\/outil?post=36"},{"taxonomy":"duree","embeddable":true,"href":"https:\/\/www.kazuki.eu\/consulting\/wp-json\/wp\/v2\/duree?post=36"},{"taxonomy":"format","embeddable":true,"href":"https:\/\/www.kazuki.eu\/consulting\/wp-json\/wp\/v2\/format?post=36"},{"taxonomy":"profil","embeddable":true,"href":"https:\/\/www.kazuki.eu\/consulting\/wp-json\/wp\/v2\/profil?post=36"}],"curies":[{"name":"wp","href":"https:\/\/api.w.org\/{rel}","templated":true}]}}