{"id":34,"date":"2023-11-24T15:55:05","date_gmt":"2023-11-24T14:55:05","guid":{"rendered":"https:\/\/www.kazuki.eu\/consulting\/?page_id=34"},"modified":"2024-08-03T07:04:55","modified_gmt":"2024-08-03T05:04:55","slug":"politique-de-bien-etre","status":"publish","type":"page","link":"https:\/\/www.kazuki.eu\/consulting\/politique-de-bien-etre\/","title":{"rendered":"Politique de bien-\u00eatre"},"content":{"rendered":"\n<div class=\"wp-block-uagb-container uagb-block-804414ff alignfull uagb-is-root-container\"><div class=\"uagb-container-inner-blocks-wrap\"><div class=\"yoast-breadcrumbs\"><span><span><a href=\"https:\/\/www.kazuki.eu\/consulting\/\">Accueil<\/a><\/span> \u00bb <span class=\"breadcrumb_last\" aria-current=\"page\">Politique de bien-\u00eatre<\/span><\/span><\/div>\n\n\n<div class=\"wp-block-uagb-advanced-heading uagb-block-5f916a0c\"><h1 class=\"uagb-heading-text\">REM\u00c9DIER EFFICACEMENT \u00c0 L&rsquo;ABSENT\u00c9ISME PAR LA PR\u00c9VENTION<\/h1><\/div>\n<\/div><\/div>\n\n\n\n<div class=\"wp-block-uagb-advanced-heading uagb-block-9bf65da1 title-with-separator\"><h2 class=\"uagb-heading-text\">LA POLITIQUE DE BIEN-ETRE ET LA QUALIT\u00c9 DE VIE AU TRAVAIL AU COEUR DE LA PERFORMANCE<\/h2><\/div>\n\n\n\n<div style=\"height:30px\" aria-hidden=\"true\" class=\"wp-block-spacer\"><\/div>\n\n\n\n<p>De nombreuses \u00e9tudes r\u00e9v\u00e8lent que le nombre de travailleurs pr\u00e9sentant les caract\u00e9ristiques de stress est en constante progression. Les cas de Burn-out &amp; de Bore-out sont en augmentation poussant les autorit\u00e9s \u00e0 l\u00e9gif\u00e9rer en la mati\u00e8re. Dans beaucoup d\u2019entreprises et d\u2019organisations, ces th\u00e8mes restent tabous.<\/p>\n\n\n\n<p>Les premi\u00e8res victimes\u2026 vos collaborateurs les plus motiv\u00e9s, les plus engag\u00e9s, \u2018vos champions\u2019\u2026 victime de leur enthousiasme et leur engagement.<\/p>\n\n\n\n<p>C\u2019est pourquoi, nous vous proposons un nouvel \u00e9clairage en la mati\u00e8re par une gestion proactive et\/ou curative !<\/p>\n\n\n\n<p>En tant que facilitateur du Bien-Etre et de la Performance, notre intervention s\u2019adapte \u00e0 votre structure (Starters, ind\u00e9pendants, professions lib\u00e9rales, PME ou grands groupes) mais aussi \u00e0 vos intervenants internes ou externes en pr\u00e9vention et protection au travail et risques psycho-sociaux si votre politique de Bien-Etre au travail est d\u00e9j\u00e0 effective.<\/p>\n\n\n\n<p>Nos objectifs&nbsp;pour votre accompagnement&nbsp;?<\/p>\n\n\n\n<ul class=\"wp-block-list\">\n<li>Premier objectif&nbsp;: R\u00e9pondre aux prescrits l\u00e9gaux en terme de vos obligations de la mise en place de la politique de Bien-Etre et Risques Psychosociaux&nbsp;;<\/li>\n\n\n\n<li>Second objectif&nbsp;: Apporter des cl\u00e9s, des outils concrets et des r\u00e9ponses tant en pr\u00e9ventif qu\u2019en curatif&nbsp;vers un mieux-\u00eatre ;<\/li>\n\n\n\n<li>Troisi\u00e8me objectif\u00a0: Apporter un soutien \u00e0 votre d\u00e9veloppement en gestion humaine, communication et booster l\u2019int\u00e9r\u00eat port\u00e9 par les candidats \u00e0 votre soci\u00e9t\u00e9 via Employer Branding, Change Management, New style Management\u2026<\/li>\n<\/ul>\n\n\n\n<div style=\"height:30px\" aria-hidden=\"true\" class=\"wp-block-spacer\"><\/div>\n\n\n\n<div class=\"wp-block-media-text is-stacked-on-mobile\" style=\"grid-template-columns:46% auto\"><figure class=\"wp-block-media-text__media\"><img decoding=\"async\" src=\"https:\/\/www.kazuki.eu\/wp-content\/uploads\/2020\/06\/conseilenprevention-conseillerenprevention-SDGR-risques-sante-securite-ergonomie-serviceexternedeprevention-personnedeconfiance-kazuki-994x1024.jpg\" alt=\"conseilenprevention-conseillerenprevention-SDGR-risques-sante-securite-ergonomie-serviceexternedeprevention-personnedeconfiance-kazuki\" class=\"wp-image-10439 size-full\"\/><\/figure><div class=\"wp-block-media-text__content\">\n<p>Que vous souhaitiez ?<\/p>\n\n\n\n<ul class=\"wp-block-list\">\n<li>R\u00e9duire le taux d\u2019absent\u00e9isme, de pr\u00e9sent\u00e9isme&nbsp;;<\/li>\n\n\n\n<li>R\u00e9duire le nombre de burn out&nbsp;;<\/li>\n\n\n\n<li>R\u00e9duire le turn-over au sein de la structure ou d\u2019un service&nbsp;;<\/li>\n\n\n\n<li>Apporter plus de sens au travail&nbsp;;<\/li>\n\n\n\n<li>R\u00e9duire les symptomatologies li\u00e9es aux risques psychosociaux&nbsp;;<\/li>\n\n\n\n<li>Promouvoir la Qualit\u00e9 de vie au Travail&nbsp;;<\/li>\n\n\n\n<li>Instaurer une politique de Bien-Etre psychosocial r\u00e9pondant aux prescripts l\u00e9gaux\u00a0;<\/li>\n\n\n\n<li>Solutionner des situations de conflits, harc\u00e8lement, communication ou management\u2026<\/li>\n<\/ul>\n\n\n\n<p>Nous pourrons vous apporter des solutions sur les axes suivants&nbsp;:<\/p>\n\n\n\n<ul class=\"wp-block-list\">\n<li>La pr\u00e9vention des Risques Psychosociaux&nbsp;;<\/li>\n\n\n\n<li>Des Interventions sur les symptomatologies des Risques Psychosociaux&nbsp;;<\/li>\n\n\n\n<li>La Promotion de la Qualit\u00e9 de Vie au Travail&nbsp;;<\/li>\n\n\n\n<li>Le D\u00e9veloppement du Bien-Etre au Travail&nbsp;;<\/li>\n\n\n\n<li>Des Missions de soutien au conseiller en pr\u00e9vention&nbsp;;<\/li>\n\n\n\n<li>Des consultances en Organisation, Communication, Change Management, New style Management (Leadership Collaboratif, Sociocratie ou PNL en r\u00e9union\u2026).<\/li>\n<\/ul>\n\n\n\n<p>Nos modes d\u2019interventions ?<\/p>\n\n\n\n<ul class=\"wp-block-list\">\n<li>R\u00e9alisation d\u2019audits, analyses de fonctionnement syst\u00e9mique, analyses de risques de la s\u00e9ance d\u2019information \u00e0 l\u2019\u00e9valuation annuelle de la progression&nbsp;;<\/li>\n\n\n\n<li>Interventions de formation pour personnes de confiance, coaching individuel, d\u2019\u00e9quipe ou d\u2019organisation\/formations diverses en organisation, communication, leadership, manager-coach&#8230;\/supervision\/consultance.<\/li>\n<\/ul>\n<\/div><\/div>\n\n\n\n<div style=\"height:30px\" aria-hidden=\"true\" class=\"wp-block-spacer\"><\/div>\n\n\n\n<p>Notre intervention s\u2019adapte \u00e0 votre structure, vos intervenants internes et externes en pr\u00e9vention et protection au travail des risques psycho-sociaux. De plus, notre r\u00e9seau collaboratif permet l\u2019intervention de psychologues du travail mais aussi d\u2019intervenants divers tous reconnus en tant qu\u2019expert, dans leur domaine.<\/p>\n","protected":false},"excerpt":{"rendered":"<p>REM\u00c9DIER EFFICACEMENT \u00c0 L&rsquo;ABSENT\u00c9ISME PAR LA PR\u00c9VENTION LA POLITIQUE DE BIEN-ETRE ET LA QUALIT\u00c9 DE VIE AU TRAVAIL AU COEUR DE LA PERFORMANCE De nombreuses \u00e9tudes r\u00e9v\u00e8lent que le nombre de travailleurs pr\u00e9sentant les caract\u00e9ristiques de stress est en constante progression. Les cas de Burn-out &amp; de Bore-out sont en augmentation poussant les autorit\u00e9s \u00e0 [&hellip;]<\/p>\n","protected":false},"author":17,"featured_media":0,"parent":0,"menu_order":0,"comment_status":"closed","ping_status":"closed","template":"","format":[],"meta":{"_uag_custom_page_level_css":"","site-sidebar-layout":"default","site-content-layout":"","ast-site-content-layout":"default","site-content-style":"default","site-sidebar-style":"default","ast-global-header-display":"","ast-banner-title-visibility":"","ast-main-header-display":"","ast-hfb-above-header-display":"","ast-hfb-below-header-display":"","ast-hfb-mobile-header-display":"","site-post-title":"","ast-breadcrumbs-content":"","ast-featured-img":"","footer-sml-layout":"","ast-disable-related-posts":"","theme-transparent-header-meta":"","adv-header-id-meta":"","stick-header-meta":"","header-above-stick-meta":"","header-main-stick-meta":"","header-below-stick-meta":"","astra-migrate-meta-layouts":"default","ast-page-background-enabled":"default","ast-page-background-meta":{"desktop":{"background-color":"var(--ast-global-color-4)","background-image":"","background-repeat":"repeat","background-position":"center center","background-size":"auto","background-attachment":"scroll","background-type":"","background-media":"","overlay-type":"","overlay-color":"","overlay-opacity":"","overlay-gradient":""},"tablet":{"background-color":"","background-image":"","background-repeat":"repeat","background-position":"center center","background-size":"auto","background-attachment":"scroll","background-type":"","background-media":"","overlay-type":"","overlay-color":"","overlay-opacity":"","overlay-gradient":""},"mobile":{"background-color":"","background-image":"","background-repeat":"repeat","background-position":"center center","background-size":"auto","background-attachment":"scroll","background-type":"","background-media":"","overlay-type":"","overlay-color":"","overlay-opacity":"","overlay-gradient":""}},"ast-content-background-meta":{"desktop":{"background-color":"var(--ast-global-color-5)","background-image":"","background-repeat":"repeat","background-position":"center center","background-size":"auto","background-attachment":"scroll","background-type":"","background-media":"","overlay-type":"","overlay-color":"","overlay-opacity":"","overlay-gradient":""},"tablet":{"background-color":"var(--ast-global-color-5)","background-image":"","background-repeat":"repeat","background-position":"center center","background-size":"auto","background-attachment":"scroll","background-type":"","background-media":"","overlay-type":"","overlay-color":"","overlay-opacity":"","overlay-gradient":""},"mobile":{"background-color":"var(--ast-global-color-5)","background-image":"","background-repeat":"repeat","background-position":"center center","background-size":"auto","background-attachment":"scroll","background-type":"","background-media":"","overlay-type":"","overlay-color":"","overlay-opacity":"","overlay-gradient":""}},"footnotes":""},"formateur":[],"niveau":[],"modalite":[],"outil":[],"duree":[],"profil":[],"class_list":["post-34","page","type-page","status-publish","hentry"],"yoast_head":"<!-- This site is optimized with the Yoast SEO plugin v26.9 - https:\/\/yoast.com\/product\/yoast-seo-wordpress\/ -->\n<title>Politique de bien-\u00eatre - Kazuki Consulting<\/title>\n<meta name=\"robots\" content=\"index, follow, max-snippet:-1, max-image-preview:large, max-video-preview:-1\" \/>\n<link rel=\"canonical\" href=\"https:\/\/www.kazuki.eu\/consulting\/politique-de-bien-etre\/\" \/>\n<meta property=\"og:locale\" content=\"fr_FR\" \/>\n<meta property=\"og:type\" content=\"article\" \/>\n<meta property=\"og:title\" content=\"Politique de bien-\u00eatre - Kazuki Consulting\" \/>\n<meta property=\"og:description\" content=\"REM\u00c9DIER EFFICACEMENT \u00c0 L&rsquo;ABSENT\u00c9ISME PAR LA PR\u00c9VENTION LA POLITIQUE DE BIEN-ETRE ET LA QUALIT\u00c9 DE VIE AU TRAVAIL AU COEUR DE LA PERFORMANCE De nombreuses \u00e9tudes r\u00e9v\u00e8lent que le nombre de travailleurs pr\u00e9sentant les caract\u00e9ristiques de stress est en constante progression. Les cas de Burn-out &amp; de Bore-out sont en augmentation poussant les autorit\u00e9s \u00e0 [&hellip;]\" \/>\n<meta property=\"og:url\" content=\"https:\/\/www.kazuki.eu\/consulting\/politique-de-bien-etre\/\" \/>\n<meta property=\"og:site_name\" content=\"Kazuki Consulting\" \/>\n<meta property=\"article:modified_time\" content=\"2024-08-03T05:04:55+00:00\" \/>\n<meta property=\"og:image\" content=\"https:\/\/www.kazuki.eu\/wp-content\/uploads\/2020\/06\/conseilenprevention-conseillerenprevention-SDGR-risques-sante-securite-ergonomie-serviceexternedeprevention-personnedeconfiance-kazuki-994x1024.jpg\" \/>\n<meta name=\"twitter:card\" content=\"summary_large_image\" \/>\n<meta name=\"twitter:label1\" content=\"Dur\u00e9e de lecture estim\u00e9e\" \/>\n\t<meta name=\"twitter:data1\" content=\"3 minutes\" \/>\n<script type=\"application\/ld+json\" class=\"yoast-schema-graph\">{\"@context\":\"https:\/\/schema.org\",\"@graph\":[{\"@type\":\"WebPage\",\"@id\":\"https:\/\/www.kazuki.eu\/consulting\/politique-de-bien-etre\/\",\"url\":\"https:\/\/www.kazuki.eu\/consulting\/politique-de-bien-etre\/\",\"name\":\"Politique de bien-\u00eatre - Kazuki Consulting\",\"isPartOf\":{\"@id\":\"https:\/\/www.kazuki.eu\/consulting\/#website\"},\"primaryImageOfPage\":{\"@id\":\"https:\/\/www.kazuki.eu\/consulting\/politique-de-bien-etre\/#primaryimage\"},\"image\":{\"@id\":\"https:\/\/www.kazuki.eu\/consulting\/politique-de-bien-etre\/#primaryimage\"},\"thumbnailUrl\":\"https:\/\/www.kazuki.eu\/wp-content\/uploads\/2020\/06\/conseilenprevention-conseillerenprevention-SDGR-risques-sante-securite-ergonomie-serviceexternedeprevention-personnedeconfiance-kazuki-994x1024.jpg\",\"datePublished\":\"2023-11-24T14:55:05+00:00\",\"dateModified\":\"2024-08-03T05:04:55+00:00\",\"breadcrumb\":{\"@id\":\"https:\/\/www.kazuki.eu\/consulting\/politique-de-bien-etre\/#breadcrumb\"},\"inLanguage\":\"fr-FR\",\"potentialAction\":[{\"@type\":\"ReadAction\",\"target\":[\"https:\/\/www.kazuki.eu\/consulting\/politique-de-bien-etre\/\"]}]},{\"@type\":\"ImageObject\",\"inLanguage\":\"fr-FR\",\"@id\":\"https:\/\/www.kazuki.eu\/consulting\/politique-de-bien-etre\/#primaryimage\",\"url\":\"https:\/\/www.kazuki.eu\/wp-content\/uploads\/2020\/06\/conseilenprevention-conseillerenprevention-SDGR-risques-sante-securite-ergonomie-serviceexternedeprevention-personnedeconfiance-kazuki-994x1024.jpg\",\"contentUrl\":\"https:\/\/www.kazuki.eu\/wp-content\/uploads\/2020\/06\/conseilenprevention-conseillerenprevention-SDGR-risques-sante-securite-ergonomie-serviceexternedeprevention-personnedeconfiance-kazuki-994x1024.jpg\"},{\"@type\":\"BreadcrumbList\",\"@id\":\"https:\/\/www.kazuki.eu\/consulting\/politique-de-bien-etre\/#breadcrumb\",\"itemListElement\":[{\"@type\":\"ListItem\",\"position\":1,\"name\":\"Accueil\",\"item\":\"https:\/\/www.kazuki.eu\/consulting\/\"},{\"@type\":\"ListItem\",\"position\":2,\"name\":\"Politique de bien-\u00eatre\"}]},{\"@type\":\"WebSite\",\"@id\":\"https:\/\/www.kazuki.eu\/consulting\/#website\",\"url\":\"https:\/\/www.kazuki.eu\/consulting\/\",\"name\":\"Kazuki Consulting\",\"description\":\"\",\"publisher\":{\"@id\":\"https:\/\/www.kazuki.eu\/consulting\/#organization\"},\"potentialAction\":[{\"@type\":\"SearchAction\",\"target\":{\"@type\":\"EntryPoint\",\"urlTemplate\":\"https:\/\/www.kazuki.eu\/consulting\/?s={search_term_string}\"},\"query-input\":{\"@type\":\"PropertyValueSpecification\",\"valueRequired\":true,\"valueName\":\"search_term_string\"}}],\"inLanguage\":\"fr-FR\"},{\"@type\":\"Organization\",\"@id\":\"https:\/\/www.kazuki.eu\/consulting\/#organization\",\"name\":\"Kazuki Consulting\",\"url\":\"https:\/\/www.kazuki.eu\/consulting\/\",\"logo\":{\"@type\":\"ImageObject\",\"inLanguage\":\"fr-FR\",\"@id\":\"https:\/\/www.kazuki.eu\/consulting\/#\/schema\/logo\/image\/\",\"url\":\"https:\/\/www.kazuki.eu\/consulting\/wp-content\/uploads\/sites\/4\/2023\/12\/cropped-kazuki-logo.png\",\"contentUrl\":\"https:\/\/www.kazuki.eu\/consulting\/wp-content\/uploads\/sites\/4\/2023\/12\/cropped-kazuki-logo.png\",\"width\":244,\"height\":112,\"caption\":\"Kazuki Consulting\"},\"image\":{\"@id\":\"https:\/\/www.kazuki.eu\/consulting\/#\/schema\/logo\/image\/\"}}]}<\/script>\n<!-- \/ Yoast SEO plugin. -->","yoast_head_json":{"title":"Politique de bien-\u00eatre - Kazuki Consulting","robots":{"index":"index","follow":"follow","max-snippet":"max-snippet:-1","max-image-preview":"max-image-preview:large","max-video-preview":"max-video-preview:-1"},"canonical":"https:\/\/www.kazuki.eu\/consulting\/politique-de-bien-etre\/","og_locale":"fr_FR","og_type":"article","og_title":"Politique de bien-\u00eatre - Kazuki Consulting","og_description":"REM\u00c9DIER EFFICACEMENT \u00c0 L&rsquo;ABSENT\u00c9ISME PAR LA PR\u00c9VENTION LA POLITIQUE DE BIEN-ETRE ET LA QUALIT\u00c9 DE VIE AU TRAVAIL AU COEUR DE LA PERFORMANCE De nombreuses \u00e9tudes r\u00e9v\u00e8lent que le nombre de travailleurs pr\u00e9sentant les caract\u00e9ristiques de stress est en constante progression. Les cas de Burn-out &amp; de Bore-out sont en augmentation poussant les autorit\u00e9s \u00e0 [&hellip;]","og_url":"https:\/\/www.kazuki.eu\/consulting\/politique-de-bien-etre\/","og_site_name":"Kazuki Consulting","article_modified_time":"2024-08-03T05:04:55+00:00","og_image":[{"url":"https:\/\/www.kazuki.eu\/wp-content\/uploads\/2020\/06\/conseilenprevention-conseillerenprevention-SDGR-risques-sante-securite-ergonomie-serviceexternedeprevention-personnedeconfiance-kazuki-994x1024.jpg","type":"","width":"","height":""}],"twitter_card":"summary_large_image","twitter_misc":{"Dur\u00e9e de lecture estim\u00e9e":"3 minutes"},"schema":{"@context":"https:\/\/schema.org","@graph":[{"@type":"WebPage","@id":"https:\/\/www.kazuki.eu\/consulting\/politique-de-bien-etre\/","url":"https:\/\/www.kazuki.eu\/consulting\/politique-de-bien-etre\/","name":"Politique de bien-\u00eatre - Kazuki Consulting","isPartOf":{"@id":"https:\/\/www.kazuki.eu\/consulting\/#website"},"primaryImageOfPage":{"@id":"https:\/\/www.kazuki.eu\/consulting\/politique-de-bien-etre\/#primaryimage"},"image":{"@id":"https:\/\/www.kazuki.eu\/consulting\/politique-de-bien-etre\/#primaryimage"},"thumbnailUrl":"https:\/\/www.kazuki.eu\/wp-content\/uploads\/2020\/06\/conseilenprevention-conseillerenprevention-SDGR-risques-sante-securite-ergonomie-serviceexternedeprevention-personnedeconfiance-kazuki-994x1024.jpg","datePublished":"2023-11-24T14:55:05+00:00","dateModified":"2024-08-03T05:04:55+00:00","breadcrumb":{"@id":"https:\/\/www.kazuki.eu\/consulting\/politique-de-bien-etre\/#breadcrumb"},"inLanguage":"fr-FR","potentialAction":[{"@type":"ReadAction","target":["https:\/\/www.kazuki.eu\/consulting\/politique-de-bien-etre\/"]}]},{"@type":"ImageObject","inLanguage":"fr-FR","@id":"https:\/\/www.kazuki.eu\/consulting\/politique-de-bien-etre\/#primaryimage","url":"https:\/\/www.kazuki.eu\/wp-content\/uploads\/2020\/06\/conseilenprevention-conseillerenprevention-SDGR-risques-sante-securite-ergonomie-serviceexternedeprevention-personnedeconfiance-kazuki-994x1024.jpg","contentUrl":"https:\/\/www.kazuki.eu\/wp-content\/uploads\/2020\/06\/conseilenprevention-conseillerenprevention-SDGR-risques-sante-securite-ergonomie-serviceexternedeprevention-personnedeconfiance-kazuki-994x1024.jpg"},{"@type":"BreadcrumbList","@id":"https:\/\/www.kazuki.eu\/consulting\/politique-de-bien-etre\/#breadcrumb","itemListElement":[{"@type":"ListItem","position":1,"name":"Accueil","item":"https:\/\/www.kazuki.eu\/consulting\/"},{"@type":"ListItem","position":2,"name":"Politique de bien-\u00eatre"}]},{"@type":"WebSite","@id":"https:\/\/www.kazuki.eu\/consulting\/#website","url":"https:\/\/www.kazuki.eu\/consulting\/","name":"Kazuki Consulting","description":"","publisher":{"@id":"https:\/\/www.kazuki.eu\/consulting\/#organization"},"potentialAction":[{"@type":"SearchAction","target":{"@type":"EntryPoint","urlTemplate":"https:\/\/www.kazuki.eu\/consulting\/?s={search_term_string}"},"query-input":{"@type":"PropertyValueSpecification","valueRequired":true,"valueName":"search_term_string"}}],"inLanguage":"fr-FR"},{"@type":"Organization","@id":"https:\/\/www.kazuki.eu\/consulting\/#organization","name":"Kazuki Consulting","url":"https:\/\/www.kazuki.eu\/consulting\/","logo":{"@type":"ImageObject","inLanguage":"fr-FR","@id":"https:\/\/www.kazuki.eu\/consulting\/#\/schema\/logo\/image\/","url":"https:\/\/www.kazuki.eu\/consulting\/wp-content\/uploads\/sites\/4\/2023\/12\/cropped-kazuki-logo.png","contentUrl":"https:\/\/www.kazuki.eu\/consulting\/wp-content\/uploads\/sites\/4\/2023\/12\/cropped-kazuki-logo.png","width":244,"height":112,"caption":"Kazuki Consulting"},"image":{"@id":"https:\/\/www.kazuki.eu\/consulting\/#\/schema\/logo\/image\/"}}]}},"acf":[],"uagb_featured_image_src":{"full":false,"thumbnail":false,"medium":false,"medium_large":false,"large":false,"1536x1536":false,"2048x2048":false},"uagb_author_info":{"display_name":"Mediakod","author_link":"https:\/\/www.kazuki.eu\/consulting\/author\/mediakod\/"},"uagb_comment_info":0,"uagb_excerpt":"REM\u00c9DIER EFFICACEMENT \u00c0 L&rsquo;ABSENT\u00c9ISME PAR LA PR\u00c9VENTION LA POLITIQUE DE BIEN-ETRE ET LA QUALIT\u00c9 DE VIE AU TRAVAIL AU COEUR DE LA PERFORMANCE De nombreuses \u00e9tudes r\u00e9v\u00e8lent que le nombre de travailleurs pr\u00e9sentant les caract\u00e9ristiques de stress est en constante progression. Les cas de Burn-out &amp; de Bore-out sont en augmentation poussant les autorit\u00e9s \u00e0\u2026","_links":{"self":[{"href":"https:\/\/www.kazuki.eu\/consulting\/wp-json\/wp\/v2\/pages\/34","targetHints":{"allow":["GET"]}}],"collection":[{"href":"https:\/\/www.kazuki.eu\/consulting\/wp-json\/wp\/v2\/pages"}],"about":[{"href":"https:\/\/www.kazuki.eu\/consulting\/wp-json\/wp\/v2\/types\/page"}],"author":[{"embeddable":true,"href":"https:\/\/www.kazuki.eu\/consulting\/wp-json\/wp\/v2\/users\/17"}],"replies":[{"embeddable":true,"href":"https:\/\/www.kazuki.eu\/consulting\/wp-json\/wp\/v2\/comments?post=34"}],"version-history":[{"count":4,"href":"https:\/\/www.kazuki.eu\/consulting\/wp-json\/wp\/v2\/pages\/34\/revisions"}],"predecessor-version":[{"id":12543,"href":"https:\/\/www.kazuki.eu\/consulting\/wp-json\/wp\/v2\/pages\/34\/revisions\/12543"}],"wp:attachment":[{"href":"https:\/\/www.kazuki.eu\/consulting\/wp-json\/wp\/v2\/media?parent=34"}],"wp:term":[{"taxonomy":"formateur","embeddable":true,"href":"https:\/\/www.kazuki.eu\/consulting\/wp-json\/wp\/v2\/formateur?post=34"},{"taxonomy":"niveau","embeddable":true,"href":"https:\/\/www.kazuki.eu\/consulting\/wp-json\/wp\/v2\/niveau?post=34"},{"taxonomy":"modalite","embeddable":true,"href":"https:\/\/www.kazuki.eu\/consulting\/wp-json\/wp\/v2\/modalite?post=34"},{"taxonomy":"outil","embeddable":true,"href":"https:\/\/www.kazuki.eu\/consulting\/wp-json\/wp\/v2\/outil?post=34"},{"taxonomy":"duree","embeddable":true,"href":"https:\/\/www.kazuki.eu\/consulting\/wp-json\/wp\/v2\/duree?post=34"},{"taxonomy":"format","embeddable":true,"href":"https:\/\/www.kazuki.eu\/consulting\/wp-json\/wp\/v2\/format?post=34"},{"taxonomy":"profil","embeddable":true,"href":"https:\/\/www.kazuki.eu\/consulting\/wp-json\/wp\/v2\/profil?post=34"}],"curies":[{"name":"wp","href":"https:\/\/api.w.org\/{rel}","templated":true}]}}