{"id":98,"date":"2023-11-24T10:38:33","date_gmt":"2023-11-24T09:38:33","guid":{"rendered":"https:\/\/www.kazuki.eu\/academy\/?page_id=98"},"modified":"2023-12-12T13:21:49","modified_gmt":"2023-12-12T12:21:49","slug":"metier-du-bien-etre-en-entreprise","status":"publish","type":"page","link":"https:\/\/www.kazuki.eu\/academy\/nos-formations\/metier-du-bien-etre-en-entreprise\/","title":{"rendered":"M\u00e9tier du bien-\u00eatre en entreprise"},"content":{"rendered":"\n<div class=\"wp-block-uagb-container uagb-block-804414ff alignfull uagb-is-root-container\"><div class=\"uagb-container-inner-blocks-wrap\"><div class=\"yoast-breadcrumbs\"><span><span><a href=\"https:\/\/www.kazuki.eu\/academy\/\">Accueil<\/a><\/span> \u00bb <span><a href=\"https:\/\/www.kazuki.eu\/academy\/?page_id=14\">Nos formations<\/a><\/span> \u00bb <span class=\"breadcrumb_last\" aria-current=\"page\">M\u00e9tier du bien-\u00eatre en entreprise<\/span><\/span><\/div>\n\n\n<div class=\"wp-block-uagb-advanced-heading uagb-block-5f916a0c\"><h1 class=\"uagb-heading-text\">M\u00e9tier du bien-\u00eatre en entreprise<\/h1><\/div>\n<\/div><\/div>\n\n\n\n<div class=\"block-formations\">\n\n\t<aside class=\"aside-filter\">\n\t\t<h3>Filtrer<\/h3>\n\n\t\t<div>\n\t\t\t<p>Profil<\/p>\n\n\t\t\t<ul>\n\t\t\t\t\t\t\t\t\t<li>\n\t\t\t\t\t\t<label>\n\t\t\t\t\t\t\t<input type=\"checkbox\" name=\"profil\" value=\"84\">\n\t\t\t\t\t\t\tCoachs et Sophrologues\t\t\t\t\t\t<\/label>\n\t\t\t\t\t<\/li>\n\t\t\t\t\t\t\t\t\t<li>\n\t\t\t\t\t\t<label>\n\t\t\t\t\t\t\t<input type=\"checkbox\" name=\"profil\" value=\"85\">\n\t\t\t\t\t\t\tM\u00e9tiers du bien-\u00eatre en entreprise\t\t\t\t\t\t<\/label>\n\t\t\t\t\t<\/li>\n\t\t\t\t\t\t\t\t\t<li>\n\t\t\t\t\t\t<label>\n\t\t\t\t\t\t\t<input type=\"checkbox\" name=\"profil\" value=\"83\">\n\t\t\t\t\t\t\tProfessionnels de la relation d\u2019aide et de l\u2019accompagnement\t\t\t\t\t\t<\/label>\n\t\t\t\t\t<\/li>\n\t\t\t\t\t\t\t<\/ul>\n\t\t<\/div>\n\n\t\t<div>\n\t\t\t<p>Niveau<\/p>\n\n\t\t\t<ul>\n\t\t\t\t\t\t\t\t\t<li>\n\t\t\t\t\t\t<label>\n\t\t\t\t\t\t\t<input type=\"checkbox\" name=\"niveau\" value=\"8\">\n\t\t\t\t\t\t\tSilver &#8211; Sans Pr\u00e9requis\t\t\t\t\t\t<\/label>\n\t\t\t\t\t<\/li>\n\t\t\t\t\t\t\t\t\t<li>\n\t\t\t\t\t\t<label>\n\t\t\t\t\t\t\t<input type=\"checkbox\" name=\"niveau\" value=\"9\">\n\t\t\t\t\t\t\tGold &#8211; Avec Pr\u00e9requis\t\t\t\t\t\t<\/label>\n\t\t\t\t\t<\/li>\n\t\t\t\t\t\t\t<\/ul>\n\t\t<\/div>\n\n\t\t<div>\n\t\t\t<p>Th\u00e8me<\/p>\n\n\t\t\t<select name=\"outil\">\n\t\t\t\t<option value=\"all\">Tous les th\u00e8mes<\/option>\n\t\t\t\t\t\t\t\t\t<option value=\"71\">Psychocorporels<\/option>\n\t\t\t\t\t\t\t<\/select>\n\t\t<\/div>\n\n\t\t<div>\n\t\t\t<p>Format<\/p>\n\n\t\t\t<select name=\"format\">\n\t\t\t\t<option value=\"all\">Tous les formats<\/option>\n\t\t\t\t\t\t\t\t\t<option value=\"81\">Distanciel<\/option>\n\t\t\t\t\t\t\t<\/select>\n\t\t<\/div>\n\n\t\t<div>\n\t\t\t<p>Intervenant<\/p>\n\n\t\t\t<select name=\"formateur\">\n\t\t\t\t<option value=\"all\">Tous les intervenants<\/option>\n\t\t\t\t\t\t\t\t\t<option value=\"6\">Anne-Claire Vanden Hende<\/option>\n\t\t\t\t\t\t\t<\/select>\n\t\t<\/div>\n\t<\/aside>\n\n\t<ul>\n\t\t\n\t\t<li style=\"display: hidden\" class=\"empty-state\">\n\t\t\t<p>Aucune formation ne correspond \u00e0 votre recherche.<\/p>\n\t\t<\/li>\n\t<\/ul>\n<\/div>","protected":false},"excerpt":{"rendered":"<p>M\u00e9tier du bien-\u00eatre en entreprise<\/p>\n","protected":false},"author":17,"featured_media":0,"parent":14,"menu_order":0,"comment_status":"closed","ping_status":"closed","template":"","format":[],"meta":{"_uag_custom_page_level_css":"","site-sidebar-layout":"default","site-content-layout":"","ast-site-content-layout":"default","site-content-style":"default","site-sidebar-style":"default","ast-global-header-display":"","ast-banner-title-visibility":"","ast-main-header-display":"","ast-hfb-above-header-display":"","ast-hfb-below-header-display":"","ast-hfb-mobile-header-display":"","site-post-title":"","ast-breadcrumbs-content":"","ast-featured-img":"","footer-sml-layout":"","ast-disable-related-posts":"","theme-transparent-header-meta":"","adv-header-id-meta":"","stick-header-meta":"","header-above-stick-meta":"","header-main-stick-meta":"","header-below-stick-meta":"","astra-migrate-meta-layouts":"default","ast-page-background-enabled":"default","ast-page-background-meta":{"desktop":{"background-color":"var(--ast-global-color-4)","background-image":"","background-repeat":"repeat","background-position":"center center","background-size":"auto","background-attachment":"scroll","background-type":"","background-media":"","overlay-type":"","overlay-color":"","overlay-opacity":"","overlay-gradient":""},"tablet":{"background-color":"","background-image":"","background-repeat":"repeat","background-position":"center center","background-size":"auto","background-attachment":"scroll","background-type":"","background-media":"","overlay-type":"","overlay-color":"","overlay-opacity":"","overlay-gradient":""},"mobile":{"background-color":"","background-image":"","background-repeat":"repeat","background-position":"center center","background-size":"auto","background-attachment":"scroll","background-type":"","background-media":"","overlay-type":"","overlay-color":"","overlay-opacity":"","overlay-gradient":""}},"ast-content-background-meta":{"desktop":{"background-color":"var(--ast-global-color-5)","background-image":"","background-repeat":"repeat","background-position":"center center","background-size":"auto","background-attachment":"scroll","background-type":"","background-media":"","overlay-type":"","overlay-color":"","overlay-opacity":"","overlay-gradient":""},"tablet":{"background-color":"var(--ast-global-color-5)","background-image":"","background-repeat":"repeat","background-position":"center center","background-size":"auto","background-attachment":"scroll","background-type":"","background-media":"","overlay-type":"","overlay-color":"","overlay-opacity":"","overlay-gradient":""},"mobile":{"background-color":"var(--ast-global-color-5)","background-image":"","background-repeat":"repeat","background-position":"center center","background-size":"auto","background-attachment":"scroll","background-type":"","background-media":"","overlay-type":"","overlay-color":"","overlay-opacity":"","overlay-gradient":""}},"footnotes":""},"formateur":[],"niveau":[],"modalite":[],"outil":[],"duree":[],"profil":[],"class_list":["post-98","page","type-page","status-publish","hentry"],"yoast_head":"<!-- This site is optimized with the Yoast SEO plugin v26.9 - https:\/\/yoast.com\/product\/yoast-seo-wordpress\/ -->\n<title>M\u00e9tier du bien-\u00eatre en entreprise - Kazuki Academy<\/title>\n<meta name=\"robots\" content=\"index, follow, max-snippet:-1, max-image-preview:large, max-video-preview:-1\" \/>\n<link rel=\"canonical\" href=\"https:\/\/www.kazuki.eu\/academy\/nos-formations\/metier-du-bien-etre-en-entreprise\/\" \/>\n<meta property=\"og:locale\" content=\"fr_FR\" \/>\n<meta property=\"og:type\" content=\"article\" \/>\n<meta property=\"og:title\" content=\"M\u00e9tier du bien-\u00eatre en entreprise - Kazuki Academy\" \/>\n<meta property=\"og:description\" content=\"M\u00e9tier du bien-\u00eatre en entreprise\" \/>\n<meta property=\"og:url\" content=\"https:\/\/www.kazuki.eu\/academy\/nos-formations\/metier-du-bien-etre-en-entreprise\/\" \/>\n<meta property=\"og:site_name\" content=\"Kazuki Academy\" \/>\n<meta property=\"article:modified_time\" content=\"2023-12-12T12:21:49+00:00\" \/>\n<meta name=\"twitter:card\" content=\"summary_large_image\" \/>\n<meta name=\"twitter:label1\" content=\"Dur\u00e9e de lecture estim\u00e9e\" \/>\n\t<meta name=\"twitter:data1\" content=\"1 minute\" \/>\n<script type=\"application\/ld+json\" class=\"yoast-schema-graph\">{\"@context\":\"https:\/\/schema.org\",\"@graph\":[{\"@type\":\"WebPage\",\"@id\":\"https:\/\/www.kazuki.eu\/academy\/nos-formations\/metier-du-bien-etre-en-entreprise\/\",\"url\":\"https:\/\/www.kazuki.eu\/academy\/nos-formations\/metier-du-bien-etre-en-entreprise\/\",\"name\":\"M\u00e9tier du bien-\u00eatre en entreprise - Kazuki Academy\",\"isPartOf\":{\"@id\":\"https:\/\/www.kazuki.eu\/academy\/#website\"},\"datePublished\":\"2023-11-24T09:38:33+00:00\",\"dateModified\":\"2023-12-12T12:21:49+00:00\",\"breadcrumb\":{\"@id\":\"https:\/\/www.kazuki.eu\/academy\/nos-formations\/metier-du-bien-etre-en-entreprise\/#breadcrumb\"},\"inLanguage\":\"fr-FR\",\"potentialAction\":[{\"@type\":\"ReadAction\",\"target\":[\"https:\/\/www.kazuki.eu\/academy\/nos-formations\/metier-du-bien-etre-en-entreprise\/\"]}]},{\"@type\":\"BreadcrumbList\",\"@id\":\"https:\/\/www.kazuki.eu\/academy\/nos-formations\/metier-du-bien-etre-en-entreprise\/#breadcrumb\",\"itemListElement\":[{\"@type\":\"ListItem\",\"position\":1,\"name\":\"Accueil\",\"item\":\"https:\/\/www.kazuki.eu\/academy\/\"},{\"@type\":\"ListItem\",\"position\":2,\"name\":\"Nos formations\",\"item\":\"https:\/\/www.kazuki.eu\/academy\/?page_id=14\"},{\"@type\":\"ListItem\",\"position\":3,\"name\":\"M\u00e9tier du bien-\u00eatre en entreprise\"}]},{\"@type\":\"WebSite\",\"@id\":\"https:\/\/www.kazuki.eu\/academy\/#website\",\"url\":\"https:\/\/www.kazuki.eu\/academy\/\",\"name\":\"Kazuki Academy\",\"description\":\"\",\"publisher\":{\"@id\":\"https:\/\/www.kazuki.eu\/academy\/#organization\"},\"potentialAction\":[{\"@type\":\"SearchAction\",\"target\":{\"@type\":\"EntryPoint\",\"urlTemplate\":\"https:\/\/www.kazuki.eu\/academy\/?s={search_term_string}\"},\"query-input\":{\"@type\":\"PropertyValueSpecification\",\"valueRequired\":true,\"valueName\":\"search_term_string\"}}],\"inLanguage\":\"fr-FR\"},{\"@type\":\"Organization\",\"@id\":\"https:\/\/www.kazuki.eu\/academy\/#organization\",\"name\":\"Kazuki Academy\",\"url\":\"https:\/\/www.kazuki.eu\/academy\/\",\"logo\":{\"@type\":\"ImageObject\",\"inLanguage\":\"fr-FR\",\"@id\":\"https:\/\/www.kazuki.eu\/academy\/#\/schema\/logo\/image\/\",\"url\":\"https:\/\/www.kazuki.eu\/academy\/wp-content\/uploads\/sites\/3\/2023\/12\/cropped-kazuki-logo.png\",\"contentUrl\":\"https:\/\/www.kazuki.eu\/academy\/wp-content\/uploads\/sites\/3\/2023\/12\/cropped-kazuki-logo.png\",\"width\":244,\"height\":112,\"caption\":\"Kazuki Academy\"},\"image\":{\"@id\":\"https:\/\/www.kazuki.eu\/academy\/#\/schema\/logo\/image\/\"}}]}<\/script>\n<!-- \/ Yoast SEO plugin. -->","yoast_head_json":{"title":"M\u00e9tier du bien-\u00eatre en entreprise - Kazuki Academy","robots":{"index":"index","follow":"follow","max-snippet":"max-snippet:-1","max-image-preview":"max-image-preview:large","max-video-preview":"max-video-preview:-1"},"canonical":"https:\/\/www.kazuki.eu\/academy\/nos-formations\/metier-du-bien-etre-en-entreprise\/","og_locale":"fr_FR","og_type":"article","og_title":"M\u00e9tier du bien-\u00eatre en entreprise - Kazuki Academy","og_description":"M\u00e9tier du bien-\u00eatre en entreprise","og_url":"https:\/\/www.kazuki.eu\/academy\/nos-formations\/metier-du-bien-etre-en-entreprise\/","og_site_name":"Kazuki Academy","article_modified_time":"2023-12-12T12:21:49+00:00","twitter_card":"summary_large_image","twitter_misc":{"Dur\u00e9e de lecture estim\u00e9e":"1 minute"},"schema":{"@context":"https:\/\/schema.org","@graph":[{"@type":"WebPage","@id":"https:\/\/www.kazuki.eu\/academy\/nos-formations\/metier-du-bien-etre-en-entreprise\/","url":"https:\/\/www.kazuki.eu\/academy\/nos-formations\/metier-du-bien-etre-en-entreprise\/","name":"M\u00e9tier du bien-\u00eatre en entreprise - Kazuki Academy","isPartOf":{"@id":"https:\/\/www.kazuki.eu\/academy\/#website"},"datePublished":"2023-11-24T09:38:33+00:00","dateModified":"2023-12-12T12:21:49+00:00","breadcrumb":{"@id":"https:\/\/www.kazuki.eu\/academy\/nos-formations\/metier-du-bien-etre-en-entreprise\/#breadcrumb"},"inLanguage":"fr-FR","potentialAction":[{"@type":"ReadAction","target":["https:\/\/www.kazuki.eu\/academy\/nos-formations\/metier-du-bien-etre-en-entreprise\/"]}]},{"@type":"BreadcrumbList","@id":"https:\/\/www.kazuki.eu\/academy\/nos-formations\/metier-du-bien-etre-en-entreprise\/#breadcrumb","itemListElement":[{"@type":"ListItem","position":1,"name":"Accueil","item":"https:\/\/www.kazuki.eu\/academy\/"},{"@type":"ListItem","position":2,"name":"Nos formations","item":"https:\/\/www.kazuki.eu\/academy\/?page_id=14"},{"@type":"ListItem","position":3,"name":"M\u00e9tier du bien-\u00eatre en entreprise"}]},{"@type":"WebSite","@id":"https:\/\/www.kazuki.eu\/academy\/#website","url":"https:\/\/www.kazuki.eu\/academy\/","name":"Kazuki Academy","description":"","publisher":{"@id":"https:\/\/www.kazuki.eu\/academy\/#organization"},"potentialAction":[{"@type":"SearchAction","target":{"@type":"EntryPoint","urlTemplate":"https:\/\/www.kazuki.eu\/academy\/?s={search_term_string}"},"query-input":{"@type":"PropertyValueSpecification","valueRequired":true,"valueName":"search_term_string"}}],"inLanguage":"fr-FR"},{"@type":"Organization","@id":"https:\/\/www.kazuki.eu\/academy\/#organization","name":"Kazuki Academy","url":"https:\/\/www.kazuki.eu\/academy\/","logo":{"@type":"ImageObject","inLanguage":"fr-FR","@id":"https:\/\/www.kazuki.eu\/academy\/#\/schema\/logo\/image\/","url":"https:\/\/www.kazuki.eu\/academy\/wp-content\/uploads\/sites\/3\/2023\/12\/cropped-kazuki-logo.png","contentUrl":"https:\/\/www.kazuki.eu\/academy\/wp-content\/uploads\/sites\/3\/2023\/12\/cropped-kazuki-logo.png","width":244,"height":112,"caption":"Kazuki Academy"},"image":{"@id":"https:\/\/www.kazuki.eu\/academy\/#\/schema\/logo\/image\/"}}]}},"acf":[],"uagb_featured_image_src":{"full":false,"thumbnail":false,"medium":false,"medium_large":false,"large":false,"1536x1536":false,"2048x2048":false},"uagb_author_info":{"display_name":"Mediakod","author_link":"https:\/\/www.kazuki.eu\/academy\/author\/mediakod\/"},"uagb_comment_info":0,"uagb_excerpt":"M\u00e9tier du bien-\u00eatre en entreprise","_links":{"self":[{"href":"https:\/\/www.kazuki.eu\/academy\/wp-json\/wp\/v2\/pages\/98","targetHints":{"allow":["GET"]}}],"collection":[{"href":"https:\/\/www.kazuki.eu\/academy\/wp-json\/wp\/v2\/pages"}],"about":[{"href":"https:\/\/www.kazuki.eu\/academy\/wp-json\/wp\/v2\/types\/page"}],"author":[{"embeddable":true,"href":"https:\/\/www.kazuki.eu\/academy\/wp-json\/wp\/v2\/users\/17"}],"replies":[{"embeddable":true,"href":"https:\/\/www.kazuki.eu\/academy\/wp-json\/wp\/v2\/comments?post=98"}],"version-history":[{"count":6,"href":"https:\/\/www.kazuki.eu\/academy\/wp-json\/wp\/v2\/pages\/98\/revisions"}],"predecessor-version":[{"id":348,"href":"https:\/\/www.kazuki.eu\/academy\/wp-json\/wp\/v2\/pages\/98\/revisions\/348"}],"up":[{"embeddable":true,"href":"https:\/\/www.kazuki.eu\/academy\/wp-json\/wp\/v2\/pages\/14"}],"wp:attachment":[{"href":"https:\/\/www.kazuki.eu\/academy\/wp-json\/wp\/v2\/media?parent=98"}],"wp:term":[{"taxonomy":"formateur","embeddable":true,"href":"https:\/\/www.kazuki.eu\/academy\/wp-json\/wp\/v2\/formateur?post=98"},{"taxonomy":"niveau","embeddable":true,"href":"https:\/\/www.kazuki.eu\/academy\/wp-json\/wp\/v2\/niveau?post=98"},{"taxonomy":"modalite","embeddable":true,"href":"https:\/\/www.kazuki.eu\/academy\/wp-json\/wp\/v2\/modalite?post=98"},{"taxonomy":"outil","embeddable":true,"href":"https:\/\/www.kazuki.eu\/academy\/wp-json\/wp\/v2\/outil?post=98"},{"taxonomy":"duree","embeddable":true,"href":"https:\/\/www.kazuki.eu\/academy\/wp-json\/wp\/v2\/duree?post=98"},{"taxonomy":"format","embeddable":true,"href":"https:\/\/www.kazuki.eu\/academy\/wp-json\/wp\/v2\/format?post=98"},{"taxonomy":"profil","embeddable":true,"href":"https:\/\/www.kazuki.eu\/academy\/wp-json\/wp\/v2\/profil?post=98"}],"curies":[{"name":"wp","href":"https:\/\/api.w.org\/{rel}","templated":true}]}}