{"id":8,"date":"2023-11-23T11:29:38","date_gmt":"2023-11-23T10:29:38","guid":{"rendered":"https:\/\/www.kazuki.eu\/academy\/?page_id=8"},"modified":"2025-10-12T18:24:39","modified_gmt":"2025-10-12T16:24:39","slug":"a-propos","status":"publish","type":"page","link":"https:\/\/www.kazuki.eu\/academy\/a-propos\/","title":{"rendered":"A propos"},"content":{"rendered":"\n<div class=\"wp-block-uagb-container uagb-block-804414ff alignfull uagb-is-root-container\"><div class=\"uagb-container-inner-blocks-wrap\"><div class=\"yoast-breadcrumbs\"><span><span><a href=\"https:\/\/www.kazuki.eu\/academy\/\">Accueil<\/a><\/span> \u00bb <span class=\"breadcrumb_last\" aria-current=\"page\">A propos<\/span><\/span><\/div>\n\n\n<div class=\"wp-block-uagb-advanced-heading uagb-block-5f916a0c\"><h1 class=\"uagb-heading-text\">Transmettre plus qu\u2019un savoir : une posture<\/h1><\/div>\n<\/div><\/div>\n\n\n\n<div class=\"wp-block-uagb-advanced-heading uagb-block-5b9f01b7 title-with-separator\"><h2 class=\"uagb-heading-text\">QUI SUIS-JE ?<\/h2><\/div>\n\n\n\n<div class=\"wp-block-columns is-layout-flex wp-container-core-columns-is-layout-28f84493 wp-block-columns-is-layout-flex\">\n<div class=\"wp-block-column is-layout-flow wp-block-column-is-layout-flow\" style=\"flex-basis:50%\">\n<div style=\"height:8px\" aria-hidden=\"true\" class=\"wp-block-spacer\"><\/div>\n\n\n\n<div class=\"wp-block-uagb-container uagb-block-03786f36 alignfull uagb-is-root-container\"><div class=\"uagb-container-inner-blocks-wrap\">\n<div class=\"wp-block-group is-layout-constrained wp-block-group-is-layout-constrained\">\n<div class=\"wp-block-uagb-image aligncenter uagb-block-ab5089f4 wp-block-uagb-image--layout-default wp-block-uagb-image--effect-static wp-block-uagb-image--align-center\"><figure class=\"wp-block-uagb-image__figure\"><img decoding=\"async\" srcset=\"https:\/\/www.kazuki.eu\/academy\/wp-content\/uploads\/sites\/3\/2024\/07\/20240603-VALERIE_KAZUKI-29-Modifier-1024x683.jpg ,https:\/\/www.kazuki.eu\/academy\/wp-content\/uploads\/sites\/3\/2024\/07\/20240603-VALERIE_KAZUKI-29-Modifier.jpg 780w, https:\/\/www.kazuki.eu\/academy\/wp-content\/uploads\/sites\/3\/2024\/07\/20240603-VALERIE_KAZUKI-29-Modifier.jpg 360w\" sizes=\"auto, (max-width: 480px) 150px\" src=\"https:\/\/www.kazuki.eu\/academy\/wp-content\/uploads\/sites\/3\/2024\/07\/20240603-VALERIE_KAZUKI-29-Modifier-1024x683.jpg\" alt=\"\" class=\"uag-image-12528\" width=\"1024\" height=\"683\" title=\"20240603-VALERIE_KAZUKI-29-Modifier\" loading=\"lazy\" role=\"img\"\/><\/figure><\/div>\n<\/div>\n<\/div><\/div>\n\n\n\n<p class=\"has-ast-global-color-0-color has-text-color\"><strong>\u00c0 propos de Val\u00e9rie Delmulle<\/strong><br><strong><em>\u00ab Ce que j\u2019aurais aim\u00e9 recevoir, au d\u00e9but de mon parcours, c\u2019est un espace o\u00f9 l\u2019on apprend \u00e0 \u00eatre, autant qu\u2019\u00e0 faire. \u00bb<\/em><\/strong><\/p>\n<\/div>\n\n\n\n<div class=\"wp-block-column is-layout-flow wp-block-column-is-layout-flow\" style=\"flex-basis:50%\">\n<div style=\"height:0px\" aria-hidden=\"true\" class=\"wp-block-spacer\"><\/div>\n\n\n\n<p>Quand j\u2019ai quitt\u00e9 le monde de l\u2019entreprise, apr\u00e8s 25 ans \u00e0 \u00e9voluer dans des fonctions strat\u00e9giques et op\u00e9rationnelles, je savais que je voulais accompagner les personnes autrement. Mais je savais aussi que l\u2019accompagnement ne s\u2019improvise pas.<\/p>\n\n\n\n<p>Je me suis donc form\u00e9e, longuement, s\u00e9rieusement.<br>Aujourd\u2019hui, je transmets aux coachs, sophrologues, th\u00e9rapeutes et professionnels du bien-\u00eatre ce que j\u2019ai mis des ann\u00e9es \u00e0 construire et \u00e0 int\u00e9grer.<\/p>\n\n\n\n<p>\u00c0 travers la <strong>Kazuki\u00ae Academy<\/strong>, je propose des formations qui vont bien au-del\u00e0 de la simple transmission de techniques.<br>Ce sont des espaces de transformation, de supervision, d\u2019\u00e9change entre pairs\u2026 o\u00f9 chacun peut affiner sa posture, travailler son \u00e9thique et consolider son identit\u00e9 d\u2019accompagnant.<\/p>\n\n\n\n<p>J\u2019y enseigne ma m\u00e9thode : <strong>le Sophro-Coaching Int\u00e9gratif\u00a9<\/strong>, n\u00e9e de l\u2019alliance entre sophrologie, coaching transformation<\/p>\n<\/div>\n<\/div>\n\n\n\n<p><strong>Mon parcours de formation :<\/strong><\/p>\n\n\n\n<ul class=\"wp-block-list\">\n<li><strong>Coach professionnelle certifi\u00e9e ICF<\/strong><\/li>\n\n\n\n<li><strong>Ma\u00eetre-praticienne en sophrologie dynamique\u00ae<\/strong><\/li>\n\n\n\n<li><strong>Conseill\u00e8re en pr\u00e9vention de niveau 2, secouriste, personne de confiance<\/strong><\/li>\n\n\n\n<li>Form\u00e9e \u00e0 la <strong>psychologie jungienne<\/strong>, au <strong>shadow work<\/strong>, \u00e0 l\u2019<strong>hypnose m\u00e9dicale<\/strong> &#8230;<\/li>\n\n\n\n<li>Utilisation d\u2019outils comme le <strong>MBTI\u00ae, le STRONG\u00ae, le TKI\u00ae<\/strong> pour enrichir la posture professionnelle<\/li>\n\n\n\n<li>Expertise en <strong>RPS<\/strong>, <strong>TMS<\/strong>, <strong>Sant\u00e9<\/strong> et <strong>Qualit\u00e9 de Vie au Travail<\/strong>, <strong>Communication <\/strong>&amp; <strong>Leadership<\/strong>, <strong>Orientation\/R\u00e9orientation\/Retour au travail<\/strong> &amp; <strong>Absent\u00e9isme<\/strong><\/li>\n<\/ul>\n\n\n\n<div style=\"height:30px\" aria-hidden=\"true\" class=\"wp-block-spacer\"><\/div>\n\n\n\n<p><\/p>\n","protected":false},"excerpt":{"rendered":"<p>Transmettre plus qu\u2019un savoir : une posture QUI SUIS-JE ? \u00c0 propos de Val\u00e9rie Delmulle\u00ab Ce que j\u2019aurais aim\u00e9 recevoir, au d\u00e9but de mon parcours, c\u2019est un espace o\u00f9 l\u2019on apprend \u00e0 \u00eatre, autant qu\u2019\u00e0 faire. \u00bb Quand j\u2019ai quitt\u00e9 le monde de l\u2019entreprise, apr\u00e8s 25 ans \u00e0 \u00e9voluer dans des fonctions strat\u00e9giques et op\u00e9rationnelles, [&hellip;]<\/p>\n","protected":false},"author":17,"featured_media":0,"parent":0,"menu_order":0,"comment_status":"closed","ping_status":"closed","template":"","format":[],"meta":{"_uag_custom_page_level_css":"","site-sidebar-layout":"default","site-content-layout":"","ast-site-content-layout":"default","site-content-style":"default","site-sidebar-style":"default","ast-global-header-display":"","ast-banner-title-visibility":"","ast-main-header-display":"","ast-hfb-above-header-display":"","ast-hfb-below-header-display":"","ast-hfb-mobile-header-display":"","site-post-title":"disabled","ast-breadcrumbs-content":"","ast-featured-img":"","footer-sml-layout":"","ast-disable-related-posts":"","theme-transparent-header-meta":"","adv-header-id-meta":"","stick-header-meta":"","header-above-stick-meta":"","header-main-stick-meta":"","header-below-stick-meta":"","astra-migrate-meta-layouts":"","ast-page-background-enabled":"default","ast-page-background-meta":{"desktop":{"background-color":"var(--ast-global-color-4)","background-image":"","background-repeat":"repeat","background-position":"center center","background-size":"auto","background-attachment":"scroll","background-type":"","background-media":"","overlay-type":"","overlay-color":"","overlay-opacity":"","overlay-gradient":""},"tablet":{"background-color":"","background-image":"","background-repeat":"repeat","background-position":"center center","background-size":"auto","background-attachment":"scroll","background-type":"","background-media":"","overlay-type":"","overlay-color":"","overlay-opacity":"","overlay-gradient":""},"mobile":{"background-color":"","background-image":"","background-repeat":"repeat","background-position":"center center","background-size":"auto","background-attachment":"scroll","background-type":"","background-media":"","overlay-type":"","overlay-color":"","overlay-opacity":"","overlay-gradient":""}},"ast-content-background-meta":{"desktop":{"background-color":"var(--ast-global-color-5)","background-image":"","background-repeat":"repeat","background-position":"center center","background-size":"auto","background-attachment":"scroll","background-type":"","background-media":"","overlay-type":"","overlay-color":"","overlay-opacity":"","overlay-gradient":""},"tablet":{"background-color":"var(--ast-global-color-5)","background-image":"","background-repeat":"repeat","background-position":"center center","background-size":"auto","background-attachment":"scroll","background-type":"","background-media":"","overlay-type":"","overlay-color":"","overlay-opacity":"","overlay-gradient":""},"mobile":{"background-color":"var(--ast-global-color-5)","background-image":"","background-repeat":"repeat","background-position":"center center","background-size":"auto","background-attachment":"scroll","background-type":"","background-media":"","overlay-type":"","overlay-color":"","overlay-opacity":"","overlay-gradient":""}},"footnotes":""},"formateur":[],"niveau":[],"modalite":[],"outil":[],"duree":[],"profil":[],"class_list":["post-8","page","type-page","status-publish","hentry"],"yoast_head":"<!-- This site is optimized with the Yoast SEO plugin v26.9 - https:\/\/yoast.com\/product\/yoast-seo-wordpress\/ -->\n<title>A propos - Kazuki Academy<\/title>\n<meta name=\"robots\" content=\"index, follow, max-snippet:-1, max-image-preview:large, max-video-preview:-1\" \/>\n<link rel=\"canonical\" href=\"https:\/\/www.kazuki.eu\/academy\/a-propos\/\" \/>\n<meta property=\"og:locale\" content=\"fr_FR\" \/>\n<meta property=\"og:type\" content=\"article\" \/>\n<meta property=\"og:title\" content=\"A propos - Kazuki Academy\" \/>\n<meta property=\"og:description\" content=\"Transmettre plus qu\u2019un savoir : une posture QUI SUIS-JE ? \u00c0 propos de Val\u00e9rie Delmulle\u00ab Ce que j\u2019aurais aim\u00e9 recevoir, au d\u00e9but de mon parcours, c\u2019est un espace o\u00f9 l\u2019on apprend \u00e0 \u00eatre, autant qu\u2019\u00e0 faire. \u00bb Quand j\u2019ai quitt\u00e9 le monde de l\u2019entreprise, apr\u00e8s 25 ans \u00e0 \u00e9voluer dans des fonctions strat\u00e9giques et op\u00e9rationnelles, [&hellip;]\" \/>\n<meta property=\"og:url\" content=\"https:\/\/www.kazuki.eu\/academy\/a-propos\/\" \/>\n<meta property=\"og:site_name\" content=\"Kazuki Academy\" \/>\n<meta property=\"article:modified_time\" content=\"2025-10-12T16:24:39+00:00\" \/>\n<meta property=\"og:image\" content=\"https:\/\/www.kazuki.eu\/academy\/wp-content\/uploads\/sites\/3\/2024\/07\/20240603-VALERIE_KAZUKI-29-Modifier-1024x683.jpg\" \/>\n<meta name=\"twitter:card\" content=\"summary_large_image\" \/>\n<meta name=\"twitter:label1\" content=\"Dur\u00e9e de lecture estim\u00e9e\" \/>\n\t<meta name=\"twitter:data1\" content=\"2 minutes\" \/>\n<script type=\"application\/ld+json\" class=\"yoast-schema-graph\">{\"@context\":\"https:\/\/schema.org\",\"@graph\":[{\"@type\":\"WebPage\",\"@id\":\"https:\/\/www.kazuki.eu\/academy\/a-propos\/\",\"url\":\"https:\/\/www.kazuki.eu\/academy\/a-propos\/\",\"name\":\"A propos - Kazuki Academy\",\"isPartOf\":{\"@id\":\"https:\/\/www.kazuki.eu\/academy\/#website\"},\"primaryImageOfPage\":{\"@id\":\"https:\/\/www.kazuki.eu\/academy\/a-propos\/#primaryimage\"},\"image\":{\"@id\":\"https:\/\/www.kazuki.eu\/academy\/a-propos\/#primaryimage\"},\"thumbnailUrl\":\"https:\/\/www.kazuki.eu\/academy\/wp-content\/uploads\/sites\/3\/2024\/07\/20240603-VALERIE_KAZUKI-29-Modifier-1024x683.jpg\",\"datePublished\":\"2023-11-23T10:29:38+00:00\",\"dateModified\":\"2025-10-12T16:24:39+00:00\",\"breadcrumb\":{\"@id\":\"https:\/\/www.kazuki.eu\/academy\/a-propos\/#breadcrumb\"},\"inLanguage\":\"fr-FR\",\"potentialAction\":[{\"@type\":\"ReadAction\",\"target\":[\"https:\/\/www.kazuki.eu\/academy\/a-propos\/\"]}]},{\"@type\":\"ImageObject\",\"inLanguage\":\"fr-FR\",\"@id\":\"https:\/\/www.kazuki.eu\/academy\/a-propos\/#primaryimage\",\"url\":\"https:\/\/www.kazuki.eu\/academy\/wp-content\/uploads\/sites\/3\/2024\/07\/20240603-VALERIE_KAZUKI-29-Modifier.jpg\",\"contentUrl\":\"https:\/\/www.kazuki.eu\/academy\/wp-content\/uploads\/sites\/3\/2024\/07\/20240603-VALERIE_KAZUKI-29-Modifier.jpg\",\"width\":2160,\"height\":1440},{\"@type\":\"BreadcrumbList\",\"@id\":\"https:\/\/www.kazuki.eu\/academy\/a-propos\/#breadcrumb\",\"itemListElement\":[{\"@type\":\"ListItem\",\"position\":1,\"name\":\"Accueil\",\"item\":\"https:\/\/www.kazuki.eu\/academy\/\"},{\"@type\":\"ListItem\",\"position\":2,\"name\":\"A propos\"}]},{\"@type\":\"WebSite\",\"@id\":\"https:\/\/www.kazuki.eu\/academy\/#website\",\"url\":\"https:\/\/www.kazuki.eu\/academy\/\",\"name\":\"Kazuki Academy\",\"description\":\"\",\"publisher\":{\"@id\":\"https:\/\/www.kazuki.eu\/academy\/#organization\"},\"potentialAction\":[{\"@type\":\"SearchAction\",\"target\":{\"@type\":\"EntryPoint\",\"urlTemplate\":\"https:\/\/www.kazuki.eu\/academy\/?s={search_term_string}\"},\"query-input\":{\"@type\":\"PropertyValueSpecification\",\"valueRequired\":true,\"valueName\":\"search_term_string\"}}],\"inLanguage\":\"fr-FR\"},{\"@type\":\"Organization\",\"@id\":\"https:\/\/www.kazuki.eu\/academy\/#organization\",\"name\":\"Kazuki Academy\",\"url\":\"https:\/\/www.kazuki.eu\/academy\/\",\"logo\":{\"@type\":\"ImageObject\",\"inLanguage\":\"fr-FR\",\"@id\":\"https:\/\/www.kazuki.eu\/academy\/#\/schema\/logo\/image\/\",\"url\":\"https:\/\/www.kazuki.eu\/academy\/wp-content\/uploads\/sites\/3\/2023\/12\/cropped-kazuki-logo.png\",\"contentUrl\":\"https:\/\/www.kazuki.eu\/academy\/wp-content\/uploads\/sites\/3\/2023\/12\/cropped-kazuki-logo.png\",\"width\":244,\"height\":112,\"caption\":\"Kazuki Academy\"},\"image\":{\"@id\":\"https:\/\/www.kazuki.eu\/academy\/#\/schema\/logo\/image\/\"}}]}<\/script>\n<!-- \/ Yoast SEO plugin. -->","yoast_head_json":{"title":"A propos - Kazuki Academy","robots":{"index":"index","follow":"follow","max-snippet":"max-snippet:-1","max-image-preview":"max-image-preview:large","max-video-preview":"max-video-preview:-1"},"canonical":"https:\/\/www.kazuki.eu\/academy\/a-propos\/","og_locale":"fr_FR","og_type":"article","og_title":"A propos - Kazuki Academy","og_description":"Transmettre plus qu\u2019un savoir : une posture QUI SUIS-JE ? \u00c0 propos de Val\u00e9rie Delmulle\u00ab Ce que j\u2019aurais aim\u00e9 recevoir, au d\u00e9but de mon parcours, c\u2019est un espace o\u00f9 l\u2019on apprend \u00e0 \u00eatre, autant qu\u2019\u00e0 faire. \u00bb Quand j\u2019ai quitt\u00e9 le monde de l\u2019entreprise, apr\u00e8s 25 ans \u00e0 \u00e9voluer dans des fonctions strat\u00e9giques et op\u00e9rationnelles, [&hellip;]","og_url":"https:\/\/www.kazuki.eu\/academy\/a-propos\/","og_site_name":"Kazuki Academy","article_modified_time":"2025-10-12T16:24:39+00:00","og_image":[{"url":"https:\/\/www.kazuki.eu\/academy\/wp-content\/uploads\/sites\/3\/2024\/07\/20240603-VALERIE_KAZUKI-29-Modifier-1024x683.jpg","type":"","width":"","height":""}],"twitter_card":"summary_large_image","twitter_misc":{"Dur\u00e9e de lecture estim\u00e9e":"2 minutes"},"schema":{"@context":"https:\/\/schema.org","@graph":[{"@type":"WebPage","@id":"https:\/\/www.kazuki.eu\/academy\/a-propos\/","url":"https:\/\/www.kazuki.eu\/academy\/a-propos\/","name":"A propos - Kazuki Academy","isPartOf":{"@id":"https:\/\/www.kazuki.eu\/academy\/#website"},"primaryImageOfPage":{"@id":"https:\/\/www.kazuki.eu\/academy\/a-propos\/#primaryimage"},"image":{"@id":"https:\/\/www.kazuki.eu\/academy\/a-propos\/#primaryimage"},"thumbnailUrl":"https:\/\/www.kazuki.eu\/academy\/wp-content\/uploads\/sites\/3\/2024\/07\/20240603-VALERIE_KAZUKI-29-Modifier-1024x683.jpg","datePublished":"2023-11-23T10:29:38+00:00","dateModified":"2025-10-12T16:24:39+00:00","breadcrumb":{"@id":"https:\/\/www.kazuki.eu\/academy\/a-propos\/#breadcrumb"},"inLanguage":"fr-FR","potentialAction":[{"@type":"ReadAction","target":["https:\/\/www.kazuki.eu\/academy\/a-propos\/"]}]},{"@type":"ImageObject","inLanguage":"fr-FR","@id":"https:\/\/www.kazuki.eu\/academy\/a-propos\/#primaryimage","url":"https:\/\/www.kazuki.eu\/academy\/wp-content\/uploads\/sites\/3\/2024\/07\/20240603-VALERIE_KAZUKI-29-Modifier.jpg","contentUrl":"https:\/\/www.kazuki.eu\/academy\/wp-content\/uploads\/sites\/3\/2024\/07\/20240603-VALERIE_KAZUKI-29-Modifier.jpg","width":2160,"height":1440},{"@type":"BreadcrumbList","@id":"https:\/\/www.kazuki.eu\/academy\/a-propos\/#breadcrumb","itemListElement":[{"@type":"ListItem","position":1,"name":"Accueil","item":"https:\/\/www.kazuki.eu\/academy\/"},{"@type":"ListItem","position":2,"name":"A propos"}]},{"@type":"WebSite","@id":"https:\/\/www.kazuki.eu\/academy\/#website","url":"https:\/\/www.kazuki.eu\/academy\/","name":"Kazuki Academy","description":"","publisher":{"@id":"https:\/\/www.kazuki.eu\/academy\/#organization"},"potentialAction":[{"@type":"SearchAction","target":{"@type":"EntryPoint","urlTemplate":"https:\/\/www.kazuki.eu\/academy\/?s={search_term_string}"},"query-input":{"@type":"PropertyValueSpecification","valueRequired":true,"valueName":"search_term_string"}}],"inLanguage":"fr-FR"},{"@type":"Organization","@id":"https:\/\/www.kazuki.eu\/academy\/#organization","name":"Kazuki Academy","url":"https:\/\/www.kazuki.eu\/academy\/","logo":{"@type":"ImageObject","inLanguage":"fr-FR","@id":"https:\/\/www.kazuki.eu\/academy\/#\/schema\/logo\/image\/","url":"https:\/\/www.kazuki.eu\/academy\/wp-content\/uploads\/sites\/3\/2023\/12\/cropped-kazuki-logo.png","contentUrl":"https:\/\/www.kazuki.eu\/academy\/wp-content\/uploads\/sites\/3\/2023\/12\/cropped-kazuki-logo.png","width":244,"height":112,"caption":"Kazuki Academy"},"image":{"@id":"https:\/\/www.kazuki.eu\/academy\/#\/schema\/logo\/image\/"}}]}},"acf":[],"uagb_featured_image_src":{"full":false,"thumbnail":false,"medium":false,"medium_large":false,"large":false,"1536x1536":false,"2048x2048":false},"uagb_author_info":{"display_name":"Mediakod","author_link":"https:\/\/www.kazuki.eu\/academy\/author\/mediakod\/"},"uagb_comment_info":0,"uagb_excerpt":"Transmettre plus qu\u2019un savoir : une posture QUI SUIS-JE ? \u00c0 propos de Val\u00e9rie Delmulle\u00ab Ce que j\u2019aurais aim\u00e9 recevoir, au d\u00e9but de mon parcours, c\u2019est un espace o\u00f9 l\u2019on apprend \u00e0 \u00eatre, autant qu\u2019\u00e0 faire. \u00bb Quand j\u2019ai quitt\u00e9 le monde de l\u2019entreprise, apr\u00e8s 25 ans \u00e0 \u00e9voluer dans des fonctions strat\u00e9giques et op\u00e9rationnelles,\u2026","_links":{"self":[{"href":"https:\/\/www.kazuki.eu\/academy\/wp-json\/wp\/v2\/pages\/8","targetHints":{"allow":["GET"]}}],"collection":[{"href":"https:\/\/www.kazuki.eu\/academy\/wp-json\/wp\/v2\/pages"}],"about":[{"href":"https:\/\/www.kazuki.eu\/academy\/wp-json\/wp\/v2\/types\/page"}],"author":[{"embeddable":true,"href":"https:\/\/www.kazuki.eu\/academy\/wp-json\/wp\/v2\/users\/17"}],"replies":[{"embeddable":true,"href":"https:\/\/www.kazuki.eu\/academy\/wp-json\/wp\/v2\/comments?post=8"}],"version-history":[{"count":20,"href":"https:\/\/www.kazuki.eu\/academy\/wp-json\/wp\/v2\/pages\/8\/revisions"}],"predecessor-version":[{"id":13510,"href":"https:\/\/www.kazuki.eu\/academy\/wp-json\/wp\/v2\/pages\/8\/revisions\/13510"}],"wp:attachment":[{"href":"https:\/\/www.kazuki.eu\/academy\/wp-json\/wp\/v2\/media?parent=8"}],"wp:term":[{"taxonomy":"formateur","embeddable":true,"href":"https:\/\/www.kazuki.eu\/academy\/wp-json\/wp\/v2\/formateur?post=8"},{"taxonomy":"niveau","embeddable":true,"href":"https:\/\/www.kazuki.eu\/academy\/wp-json\/wp\/v2\/niveau?post=8"},{"taxonomy":"modalite","embeddable":true,"href":"https:\/\/www.kazuki.eu\/academy\/wp-json\/wp\/v2\/modalite?post=8"},{"taxonomy":"outil","embeddable":true,"href":"https:\/\/www.kazuki.eu\/academy\/wp-json\/wp\/v2\/outil?post=8"},{"taxonomy":"duree","embeddable":true,"href":"https:\/\/www.kazuki.eu\/academy\/wp-json\/wp\/v2\/duree?post=8"},{"taxonomy":"format","embeddable":true,"href":"https:\/\/www.kazuki.eu\/academy\/wp-json\/wp\/v2\/format?post=8"},{"taxonomy":"profil","embeddable":true,"href":"https:\/\/www.kazuki.eu\/academy\/wp-json\/wp\/v2\/profil?post=8"}],"curies":[{"name":"wp","href":"https:\/\/api.w.org\/{rel}","templated":true}]}}