{"id":13436,"date":"2025-10-11T16:38:08","date_gmt":"2025-10-11T14:38:08","guid":{"rendered":"https:\/\/www.kazuki.eu\/academy\/?page_id=13436"},"modified":"2025-10-12T15:59:46","modified_gmt":"2025-10-12T13:59:46","slug":"catalogue-des-formations-ateliers","status":"publish","type":"page","link":"https:\/\/www.kazuki.eu\/academy\/catalogue-des-formations-ateliers\/","title":{"rendered":"Catalogue des Formations et Ateliers"},"content":{"rendered":"\n<div class=\"wp-block-uagb-container uagb-block-804414ff alignfull uagb-is-root-container\"><div class=\"uagb-container-inner-blocks-wrap\"><div class=\"yoast-breadcrumbs\"><span><span><a href=\"https:\/\/www.kazuki.eu\/academy\/\">Accueil<\/a><\/span> \u00bb <span class=\"breadcrumb_last\" aria-current=\"page\">Catalogue des Formations et Ateliers<\/span><\/span><\/div>\n\n\n<div class=\"wp-block-uagb-advanced-heading uagb-block-5f916a0c\"><h1 class=\"uagb-heading-text\">Catalogue des Formations &amp; Ateliers<\/h1><\/div>\n<\/div><\/div>\n\n\n\n<div class=\"block-formations\">\n\n\t<aside class=\"aside-filter\">\n\t\t<h3>Filtrer<\/h3>\n\n\t\t<div>\n\t\t\t<p>Profil<\/p>\n\n\t\t\t<ul>\n\t\t\t\t\t\t\t\t\t<li>\n\t\t\t\t\t\t<label>\n\t\t\t\t\t\t\t<input type=\"checkbox\" name=\"profil\" value=\"84\">\n\t\t\t\t\t\t\tCoachs et Sophrologues\t\t\t\t\t\t<\/label>\n\t\t\t\t\t<\/li>\n\t\t\t\t\t\t\t\t\t<li>\n\t\t\t\t\t\t<label>\n\t\t\t\t\t\t\t<input type=\"checkbox\" name=\"profil\" value=\"85\">\n\t\t\t\t\t\t\tM\u00e9tiers du bien-\u00eatre en entreprise\t\t\t\t\t\t<\/label>\n\t\t\t\t\t<\/li>\n\t\t\t\t\t\t\t\t\t<li>\n\t\t\t\t\t\t<label>\n\t\t\t\t\t\t\t<input type=\"checkbox\" name=\"profil\" value=\"83\">\n\t\t\t\t\t\t\tProfessionnels de la relation d\u2019aide et de l\u2019accompagnement\t\t\t\t\t\t<\/label>\n\t\t\t\t\t<\/li>\n\t\t\t\t\t\t\t<\/ul>\n\t\t<\/div>\n\n\t\t<div>\n\t\t\t<p>Niveau<\/p>\n\n\t\t\t<ul>\n\t\t\t\t\t\t\t\t\t<li>\n\t\t\t\t\t\t<label>\n\t\t\t\t\t\t\t<input type=\"checkbox\" name=\"niveau\" value=\"8\">\n\t\t\t\t\t\t\tSilver &#8211; Sans Pr\u00e9requis\t\t\t\t\t\t<\/label>\n\t\t\t\t\t<\/li>\n\t\t\t\t\t\t\t\t\t<li>\n\t\t\t\t\t\t<label>\n\t\t\t\t\t\t\t<input type=\"checkbox\" name=\"niveau\" value=\"9\">\n\t\t\t\t\t\t\tGold &#8211; Avec Pr\u00e9requis\t\t\t\t\t\t<\/label>\n\t\t\t\t\t<\/li>\n\t\t\t\t\t\t\t<\/ul>\n\t\t<\/div>\n\n\t\t<div>\n\t\t\t<p>Th\u00e8me<\/p>\n\n\t\t\t<select name=\"outil\">\n\t\t\t\t<option value=\"all\">Tous les th\u00e8mes<\/option>\n\t\t\t\t\t\t\t\t\t<option value=\"71\">Psychocorporels<\/option>\n\t\t\t\t\t\t\t<\/select>\n\t\t<\/div>\n\n\t\t<div>\n\t\t\t<p>Format<\/p>\n\n\t\t\t<select name=\"format\">\n\t\t\t\t<option value=\"all\">Tous les formats<\/option>\n\t\t\t\t\t\t\t\t\t<option value=\"81\">Distanciel<\/option>\n\t\t\t\t\t\t\t<\/select>\n\t\t<\/div>\n\n\t\t<div>\n\t\t\t<p>Intervenant<\/p>\n\n\t\t\t<select name=\"formateur\">\n\t\t\t\t<option value=\"all\">Tous les intervenants<\/option>\n\t\t\t\t\t\t\t\t\t<option value=\"6\">Anne-Claire Vanden Hende<\/option>\n\t\t\t\t\t\t\t<\/select>\n\t\t<\/div>\n\t<\/aside>\n\n\t<ul>\n\t\t\n\t\t\t\n\t\t\t<li>\n\t\t\t\t<article\n\t\t\t\t\tclass=\"card-formation\"\n\t\t\t\t\tdata-level=\"8\"\n\t\t\t\t\tdata-formateur=\"6\"\n\t\t\t\t\tdata-format=\"81\"\n\t\t\t\t\tdata-outil=\"71\"\n\t\t\t\t\tdata-profil=\"83\">\n\t\t\t\t\t<figure>\n\t\t\t\t\t\t\t\t\t\t\t\t\t<img decoding=\"async\" src=\"https:\/\/www.kazuki.eu\/academy\/wp-content\/uploads\/sites\/3\/2024\/11\/alimentation-grossir-maigrir-poids-regime-nutrition-kazuki-mouscron-tournai-coach.jpg\" alt=\"Formation Nutrition - Module 1 - L'assiette et au-del\u00e0\">\n\t\t\t\t\t\t\t\t\t\t\t<\/figure>\n\n\t\t\t\t\t<h3>Formation Nutrition &#8211; Module 1 &#8211; L&rsquo;assiette et au-del\u00e0<\/h3>\n\n\t\t\t\t\t<p>Silver &#8211; Sans Pr\u00e9requis \/ Anne-Claire Vanden Hende \/ Distanciel<\/p>\n\t\t\t\t\t\t\t\t\t\t\t<p><strong>Dur\u00e9e : <\/strong>14 heures en 2 jours<\/p>\n\t\t\t\t\t\n\t\t\t\t\t<div class=\"card-formation__excerpt\">Se nourrir en conscience L&rsquo;assiette et au-del\u00e0 Pr\u00e9sentation Les probl\u00e9matiques li\u00e9es \u00e0 l\u2019alimentation sont multiples et tr\u00e8s pr\u00e9sents dans notre soci\u00e9t\u00e9 actuelle. Surpoids, ob\u00e9sit\u00e9, maigreur, troubles digestifs, intol\u00e9rances, troubles du comportement alimentaire&nbsp;; tous t\u00e9moignent de notre difficult\u00e9 \u00e0 nous nourrir vraiment.Accompagner ces probl\u00e9matiques demande certains savoirs th\u00e9oriques et aussi la capacit\u00e9 \u00e0 d\u00e9passer une vision [&hellip;]<\/div>\n\n\t\t\t\t\t<a href=\"https:\/\/www.kazuki.eu\/academy\/nos-formations\/formations-de-base\/formation-nutrition-module1-lassiette-et-au-dela\/\">Voir la formation<\/a>\n\t\t\t\t<\/article>\n\t\t\t<\/li>\n\t\t\n\t\t\t\n\t\t\t<li>\n\t\t\t\t<article\n\t\t\t\t\tclass=\"card-formation\"\n\t\t\t\t\tdata-level=\"9\"\n\t\t\t\t\tdata-formateur=\"6\"\n\t\t\t\t\tdata-format=\"81\"\n\t\t\t\t\tdata-outil=\"71\"\n\t\t\t\t\tdata-profil=\"83\">\n\t\t\t\t\t<figure>\n\t\t\t\t\t\t\t\t\t\t\t\t\t<img decoding=\"async\" src=\"https:\/\/www.kazuki.eu\/academy\/wp-content\/uploads\/sites\/3\/2024\/11\/pexels-mccutcheon-1196516-.jpg\" alt=\"Formation Nutrition - Module 2 - Favoriser la s\u00e9r\u00e9nit\u00e9 alimentaire\">\n\t\t\t\t\t\t\t\t\t\t\t<\/figure>\n\n\t\t\t\t\t<h3>Formation Nutrition &#8211; Module 2 &#8211; Favoriser la s\u00e9r\u00e9nit\u00e9 alimentaire<\/h3>\n\n\t\t\t\t\t<p>Gold &#8211; Avec Pr\u00e9requis \/ Anne-Claire Vanden Hende \/ Distanciel<\/p>\n\t\t\t\t\t\t\t\t\t\t\t<p><strong>Dur\u00e9e : <\/strong>14 heures en 2 jours<\/p>\n\t\t\t\t\t\n\t\t\t\t\t<div class=\"card-formation__excerpt\">Se nourrir en conscience Favoriser la s\u00e9r\u00e9nit\u00e9 alimentaire Pr\u00e9sentation Dans ce deuxi\u00e8me volet, nous nous attarderons sur le lien entre alimentation et \u00e9motions. En effet, accompagner des probl\u00e9matiques alimentaires am\u00e8ne t\u00f4t ou tard \u00e0 rencontrer les m\u00e9canismes \u00e9motionnels sous-jacents.Il s\u2019agira donc de reconnaitre la composante affective et h\u00e9donique de l\u2019alimentation et d\u2019explorer son utilisation comme [&hellip;]<\/div>\n\n\t\t\t\t\t<a href=\"https:\/\/www.kazuki.eu\/academy\/nos-formations\/formations-de-base\/formation-nutrition-module2-favoriser-la-serenite-alimentaire\/\">Voir la formation<\/a>\n\t\t\t\t<\/article>\n\t\t\t<\/li>\n\t\t\n\t\t\t\n\t\t\t<li>\n\t\t\t\t<article\n\t\t\t\t\tclass=\"card-formation\"\n\t\t\t\t\tdata-level=\"9\"\n\t\t\t\t\tdata-formateur=\"6\"\n\t\t\t\t\tdata-format=\"81\"\n\t\t\t\t\tdata-outil=\"71\"\n\t\t\t\t\tdata-profil=\"83\">\n\t\t\t\t\t<figure>\n\t\t\t\t\t\t\t\t\t\t\t\t\t<img decoding=\"async\" src=\"https:\/\/www.kazuki.eu\/academy\/wp-content\/uploads\/sites\/3\/2024\/11\/alimentation-grossir-maigrir-imc-sante-graisses-detox-nutri-recette-kazuki-mouscron-tournai.jpg\" alt=\"Formation Nutrition - Module 3 - Quand la soci\u00e9t\u00e9 de consommation nous tient par le ventre\">\n\t\t\t\t\t\t\t\t\t\t\t<\/figure>\n\n\t\t\t\t\t<h3>Formation Nutrition &#8211; Module 3 &#8211; Quand la soci\u00e9t\u00e9 de consommation nous tient par le ventre<\/h3>\n\n\t\t\t\t\t<p>Gold &#8211; Avec Pr\u00e9requis \/ Anne-Claire Vanden Hende \/ Distanciel<\/p>\n\t\t\t\t\t\t\t\t\t\t\t<p><strong>Dur\u00e9e : <\/strong>14 heures en 2 jours<\/p>\n\t\t\t\t\t\n\t\t\t\t\t<div class=\"card-formation__excerpt\">Se nourrir en conscience Quand la soci\u00e9t\u00e9 de consommation nous tient par le ventre Pr\u00e9sentation Nos probl\u00e9matiques alimentaires sont des portes d\u2019entr\u00e9e vers notre humanit\u00e9 commune. Tout \u00eatre humain mange, mais sommes-nous tous nourris&nbsp;?Dans cette formation nous explorerons ce qui nous est propos\u00e9 aujourd\u2019hui dans notre soci\u00e9t\u00e9 de consommation. Nous tenterons de comprendre ce qui [&hellip;]<\/div>\n\n\t\t\t\t\t<a href=\"https:\/\/www.kazuki.eu\/academy\/nos-formations\/formations-de-base\/formation-nutrition-module3-quand-la-societe-de-consommation-nous-tient-par-le-ventre\/\">Voir la formation<\/a>\n\t\t\t\t<\/article>\n\t\t\t<\/li>\n\t\t\n\t\t\t\n\t\t\t<li>\n\t\t\t\t<article\n\t\t\t\t\tclass=\"card-formation\"\n\t\t\t\t\tdata-level=\"9,8\"\n\t\t\t\t\tdata-formateur=\"6\"\n\t\t\t\t\tdata-format=\"81\"\n\t\t\t\t\tdata-outil=\"71\"\n\t\t\t\t\tdata-profil=\"83\">\n\t\t\t\t\t<figure>\n\t\t\t\t\t\t\t\t\t\t\t\t\t<img decoding=\"async\" src=\"https:\/\/www.kazuki.eu\/academy\/wp-content\/uploads\/sites\/3\/2024\/07\/maigrir-grossir-alimentation-menu-dietetique-dieteticienne-repas-diet-kazuki-mouscron.jpg\" alt=\"Formation Nutrition - Pack Complet Modules 1-2-3\">\n\t\t\t\t\t\t\t\t\t\t\t<\/figure>\n\n\t\t\t\t\t<h3>Formation Nutrition &#8211; Pack Complet Modules 1-2-3<\/h3>\n\n\t\t\t\t\t<p>Gold &#8211; Avec Pr\u00e9requis, Silver &#8211; Sans Pr\u00e9requis \/ Anne-Claire Vanden Hende \/ Distanciel<\/p>\n\t\t\t\t\t\t\t\t\t\t\t<p><strong>Dur\u00e9e : <\/strong>42 heures en 6 jours<\/p>\n\t\t\t\t\t\n\t\t\t\t\t<div class=\"card-formation__excerpt\">Se nourrir en conscience en 3 modules Pr\u00e9sentation Module 1 : L&rsquo;assiette et au-del\u00e0 Les probl\u00e9matiques li\u00e9es \u00e0 l\u2019alimentation sont multiples et tr\u00e8s pr\u00e9sents dans notre soci\u00e9t\u00e9 actuelle. Surpoids, ob\u00e9sit\u00e9, maigreur, troubles digestifs, intol\u00e9rances, troubles du comportement alimentaire&nbsp;; tous t\u00e9moignent de notre difficult\u00e9 \u00e0 nous nourrir vraiment.Accompagner ces probl\u00e9matiques demande certains savoirs th\u00e9oriques et aussi [&hellip;]<\/div>\n\n\t\t\t\t\t<a href=\"https:\/\/www.kazuki.eu\/academy\/nos-formations\/formations-de-base\/formation-nutrition-pack-complet-modules-1-2-3\/\">Voir la formation<\/a>\n\t\t\t\t<\/article>\n\t\t\t<\/li>\n\t\t\n\t\t<li style=\"display: hidden\" class=\"empty-state\">\n\t\t\t<p>Aucune formation ne correspond \u00e0 votre recherche.<\/p>\n\t\t<\/li>\n\t<\/ul>\n<\/div>","protected":false},"excerpt":{"rendered":"<p>Catalogue des Formations &amp; Ateliers<\/p>\n","protected":false},"author":1,"featured_media":0,"parent":0,"menu_order":0,"comment_status":"closed","ping_status":"closed","template":"","format":[],"meta":{"_uag_custom_page_level_css":"","site-sidebar-layout":"default","site-content-layout":"","ast-site-content-layout":"default","site-content-style":"default","site-sidebar-style":"default","ast-global-header-display":"","ast-banner-title-visibility":"","ast-main-header-display":"","ast-hfb-above-header-display":"","ast-hfb-below-header-display":"","ast-hfb-mobile-header-display":"","site-post-title":"","ast-breadcrumbs-content":"","ast-featured-img":"","footer-sml-layout":"","ast-disable-related-posts":"","theme-transparent-header-meta":"","adv-header-id-meta":"","stick-header-meta":"","header-above-stick-meta":"","header-main-stick-meta":"","header-below-stick-meta":"","astra-migrate-meta-layouts":"default","ast-page-background-enabled":"default","ast-page-background-meta":{"desktop":{"background-color":"var(--ast-global-color-4)","background-image":"","background-repeat":"repeat","background-position":"center center","background-size":"auto","background-attachment":"scroll","background-type":"","background-media":"","overlay-type":"","overlay-color":"","overlay-opacity":"","overlay-gradient":""},"tablet":{"background-color":"","background-image":"","background-repeat":"repeat","background-position":"center center","background-size":"auto","background-attachment":"scroll","background-type":"","background-media":"","overlay-type":"","overlay-color":"","overlay-opacity":"","overlay-gradient":""},"mobile":{"background-color":"","background-image":"","background-repeat":"repeat","background-position":"center center","background-size":"auto","background-attachment":"scroll","background-type":"","background-media":"","overlay-type":"","overlay-color":"","overlay-opacity":"","overlay-gradient":""}},"ast-content-background-meta":{"desktop":{"background-color":"var(--ast-global-color-5)","background-image":"","background-repeat":"repeat","background-position":"center center","background-size":"auto","background-attachment":"scroll","background-type":"","background-media":"","overlay-type":"","overlay-color":"","overlay-opacity":"","overlay-gradient":""},"tablet":{"background-color":"var(--ast-global-color-5)","background-image":"","background-repeat":"repeat","background-position":"center center","background-size":"auto","background-attachment":"scroll","background-type":"","background-media":"","overlay-type":"","overlay-color":"","overlay-opacity":"","overlay-gradient":""},"mobile":{"background-color":"var(--ast-global-color-5)","background-image":"","background-repeat":"repeat","background-position":"center center","background-size":"auto","background-attachment":"scroll","background-type":"","background-media":"","overlay-type":"","overlay-color":"","overlay-opacity":"","overlay-gradient":""}},"footnotes":""},"formateur":[6],"niveau":[8],"modalite":[],"outil":[],"duree":[],"profil":[84,85,83],"class_list":["post-13436","page","type-page","status-publish","hentry","formateur-anne-claire-vanden-hende","niveau-silver","profil-coachs-et-sophrologues","profil-metiers-du-bien-etre-en-entreprise","profil-professionnels-de-la-relation-daide-et-de-laccompagnement"],"yoast_head":"<!-- This site is optimized with the Yoast SEO plugin v26.9 - https:\/\/yoast.com\/product\/yoast-seo-wordpress\/ -->\n<title>Catalogue des Formations et Ateliers - Kazuki Academy<\/title>\n<meta name=\"robots\" content=\"index, follow, max-snippet:-1, max-image-preview:large, max-video-preview:-1\" \/>\n<link rel=\"canonical\" href=\"https:\/\/www.kazuki.eu\/academy\/catalogue-des-formations-ateliers\/\" \/>\n<meta property=\"og:locale\" content=\"fr_FR\" \/>\n<meta property=\"og:type\" content=\"article\" \/>\n<meta property=\"og:title\" content=\"Catalogue des Formations et Ateliers - Kazuki Academy\" \/>\n<meta property=\"og:description\" content=\"Catalogue des Formations &amp; Ateliers\" \/>\n<meta property=\"og:url\" content=\"https:\/\/www.kazuki.eu\/academy\/catalogue-des-formations-ateliers\/\" \/>\n<meta property=\"og:site_name\" content=\"Kazuki Academy\" \/>\n<meta property=\"article:modified_time\" content=\"2025-10-12T13:59:46+00:00\" \/>\n<meta name=\"twitter:card\" content=\"summary_large_image\" \/>\n<meta name=\"twitter:label1\" content=\"Dur\u00e9e de lecture estim\u00e9e\" \/>\n\t<meta name=\"twitter:data1\" content=\"1 minute\" \/>\n<script type=\"application\/ld+json\" class=\"yoast-schema-graph\">{\"@context\":\"https:\/\/schema.org\",\"@graph\":[{\"@type\":\"WebPage\",\"@id\":\"https:\/\/www.kazuki.eu\/academy\/catalogue-des-formations-ateliers\/\",\"url\":\"https:\/\/www.kazuki.eu\/academy\/catalogue-des-formations-ateliers\/\",\"name\":\"Catalogue des Formations et Ateliers - Kazuki Academy\",\"isPartOf\":{\"@id\":\"https:\/\/www.kazuki.eu\/academy\/#website\"},\"datePublished\":\"2025-10-11T14:38:08+00:00\",\"dateModified\":\"2025-10-12T13:59:46+00:00\",\"breadcrumb\":{\"@id\":\"https:\/\/www.kazuki.eu\/academy\/catalogue-des-formations-ateliers\/#breadcrumb\"},\"inLanguage\":\"fr-FR\",\"potentialAction\":[{\"@type\":\"ReadAction\",\"target\":[\"https:\/\/www.kazuki.eu\/academy\/catalogue-des-formations-ateliers\/\"]}]},{\"@type\":\"BreadcrumbList\",\"@id\":\"https:\/\/www.kazuki.eu\/academy\/catalogue-des-formations-ateliers\/#breadcrumb\",\"itemListElement\":[{\"@type\":\"ListItem\",\"position\":1,\"name\":\"Accueil\",\"item\":\"https:\/\/www.kazuki.eu\/academy\/\"},{\"@type\":\"ListItem\",\"position\":2,\"name\":\"Catalogue des Formations et Ateliers\"}]},{\"@type\":\"WebSite\",\"@id\":\"https:\/\/www.kazuki.eu\/academy\/#website\",\"url\":\"https:\/\/www.kazuki.eu\/academy\/\",\"name\":\"Kazuki Academy\",\"description\":\"\",\"publisher\":{\"@id\":\"https:\/\/www.kazuki.eu\/academy\/#organization\"},\"potentialAction\":[{\"@type\":\"SearchAction\",\"target\":{\"@type\":\"EntryPoint\",\"urlTemplate\":\"https:\/\/www.kazuki.eu\/academy\/?s={search_term_string}\"},\"query-input\":{\"@type\":\"PropertyValueSpecification\",\"valueRequired\":true,\"valueName\":\"search_term_string\"}}],\"inLanguage\":\"fr-FR\"},{\"@type\":\"Organization\",\"@id\":\"https:\/\/www.kazuki.eu\/academy\/#organization\",\"name\":\"Kazuki Academy\",\"url\":\"https:\/\/www.kazuki.eu\/academy\/\",\"logo\":{\"@type\":\"ImageObject\",\"inLanguage\":\"fr-FR\",\"@id\":\"https:\/\/www.kazuki.eu\/academy\/#\/schema\/logo\/image\/\",\"url\":\"https:\/\/www.kazuki.eu\/academy\/wp-content\/uploads\/sites\/3\/2023\/12\/cropped-kazuki-logo.png\",\"contentUrl\":\"https:\/\/www.kazuki.eu\/academy\/wp-content\/uploads\/sites\/3\/2023\/12\/cropped-kazuki-logo.png\",\"width\":244,\"height\":112,\"caption\":\"Kazuki Academy\"},\"image\":{\"@id\":\"https:\/\/www.kazuki.eu\/academy\/#\/schema\/logo\/image\/\"}}]}<\/script>\n<!-- \/ Yoast SEO plugin. -->","yoast_head_json":{"title":"Catalogue des Formations et Ateliers - Kazuki Academy","robots":{"index":"index","follow":"follow","max-snippet":"max-snippet:-1","max-image-preview":"max-image-preview:large","max-video-preview":"max-video-preview:-1"},"canonical":"https:\/\/www.kazuki.eu\/academy\/catalogue-des-formations-ateliers\/","og_locale":"fr_FR","og_type":"article","og_title":"Catalogue des Formations et Ateliers - Kazuki Academy","og_description":"Catalogue des Formations &amp; Ateliers","og_url":"https:\/\/www.kazuki.eu\/academy\/catalogue-des-formations-ateliers\/","og_site_name":"Kazuki Academy","article_modified_time":"2025-10-12T13:59:46+00:00","twitter_card":"summary_large_image","twitter_misc":{"Dur\u00e9e de lecture estim\u00e9e":"1 minute"},"schema":{"@context":"https:\/\/schema.org","@graph":[{"@type":"WebPage","@id":"https:\/\/www.kazuki.eu\/academy\/catalogue-des-formations-ateliers\/","url":"https:\/\/www.kazuki.eu\/academy\/catalogue-des-formations-ateliers\/","name":"Catalogue des Formations et Ateliers - Kazuki Academy","isPartOf":{"@id":"https:\/\/www.kazuki.eu\/academy\/#website"},"datePublished":"2025-10-11T14:38:08+00:00","dateModified":"2025-10-12T13:59:46+00:00","breadcrumb":{"@id":"https:\/\/www.kazuki.eu\/academy\/catalogue-des-formations-ateliers\/#breadcrumb"},"inLanguage":"fr-FR","potentialAction":[{"@type":"ReadAction","target":["https:\/\/www.kazuki.eu\/academy\/catalogue-des-formations-ateliers\/"]}]},{"@type":"BreadcrumbList","@id":"https:\/\/www.kazuki.eu\/academy\/catalogue-des-formations-ateliers\/#breadcrumb","itemListElement":[{"@type":"ListItem","position":1,"name":"Accueil","item":"https:\/\/www.kazuki.eu\/academy\/"},{"@type":"ListItem","position":2,"name":"Catalogue des Formations et Ateliers"}]},{"@type":"WebSite","@id":"https:\/\/www.kazuki.eu\/academy\/#website","url":"https:\/\/www.kazuki.eu\/academy\/","name":"Kazuki Academy","description":"","publisher":{"@id":"https:\/\/www.kazuki.eu\/academy\/#organization"},"potentialAction":[{"@type":"SearchAction","target":{"@type":"EntryPoint","urlTemplate":"https:\/\/www.kazuki.eu\/academy\/?s={search_term_string}"},"query-input":{"@type":"PropertyValueSpecification","valueRequired":true,"valueName":"search_term_string"}}],"inLanguage":"fr-FR"},{"@type":"Organization","@id":"https:\/\/www.kazuki.eu\/academy\/#organization","name":"Kazuki Academy","url":"https:\/\/www.kazuki.eu\/academy\/","logo":{"@type":"ImageObject","inLanguage":"fr-FR","@id":"https:\/\/www.kazuki.eu\/academy\/#\/schema\/logo\/image\/","url":"https:\/\/www.kazuki.eu\/academy\/wp-content\/uploads\/sites\/3\/2023\/12\/cropped-kazuki-logo.png","contentUrl":"https:\/\/www.kazuki.eu\/academy\/wp-content\/uploads\/sites\/3\/2023\/12\/cropped-kazuki-logo.png","width":244,"height":112,"caption":"Kazuki Academy"},"image":{"@id":"https:\/\/www.kazuki.eu\/academy\/#\/schema\/logo\/image\/"}}]}},"acf":[],"uagb_featured_image_src":{"full":false,"thumbnail":false,"medium":false,"medium_large":false,"large":false,"1536x1536":false,"2048x2048":false},"uagb_author_info":{"display_name":"Val\u00e9rie Delmulle","author_link":"https:\/\/www.kazuki.eu\/academy\/author\/admin-kazuki2018\/"},"uagb_comment_info":0,"uagb_excerpt":"Catalogue des Formations &amp; Ateliers","_links":{"self":[{"href":"https:\/\/www.kazuki.eu\/academy\/wp-json\/wp\/v2\/pages\/13436","targetHints":{"allow":["GET"]}}],"collection":[{"href":"https:\/\/www.kazuki.eu\/academy\/wp-json\/wp\/v2\/pages"}],"about":[{"href":"https:\/\/www.kazuki.eu\/academy\/wp-json\/wp\/v2\/types\/page"}],"author":[{"embeddable":true,"href":"https:\/\/www.kazuki.eu\/academy\/wp-json\/wp\/v2\/users\/1"}],"replies":[{"embeddable":true,"href":"https:\/\/www.kazuki.eu\/academy\/wp-json\/wp\/v2\/comments?post=13436"}],"version-history":[{"count":24,"href":"https:\/\/www.kazuki.eu\/academy\/wp-json\/wp\/v2\/pages\/13436\/revisions"}],"predecessor-version":[{"id":13475,"href":"https:\/\/www.kazuki.eu\/academy\/wp-json\/wp\/v2\/pages\/13436\/revisions\/13475"}],"wp:attachment":[{"href":"https:\/\/www.kazuki.eu\/academy\/wp-json\/wp\/v2\/media?parent=13436"}],"wp:term":[{"taxonomy":"formateur","embeddable":true,"href":"https:\/\/www.kazuki.eu\/academy\/wp-json\/wp\/v2\/formateur?post=13436"},{"taxonomy":"niveau","embeddable":true,"href":"https:\/\/www.kazuki.eu\/academy\/wp-json\/wp\/v2\/niveau?post=13436"},{"taxonomy":"modalite","embeddable":true,"href":"https:\/\/www.kazuki.eu\/academy\/wp-json\/wp\/v2\/modalite?post=13436"},{"taxonomy":"outil","embeddable":true,"href":"https:\/\/www.kazuki.eu\/academy\/wp-json\/wp\/v2\/outil?post=13436"},{"taxonomy":"duree","embeddable":true,"href":"https:\/\/www.kazuki.eu\/academy\/wp-json\/wp\/v2\/duree?post=13436"},{"taxonomy":"format","embeddable":true,"href":"https:\/\/www.kazuki.eu\/academy\/wp-json\/wp\/v2\/format?post=13436"},{"taxonomy":"profil","embeddable":true,"href":"https:\/\/www.kazuki.eu\/academy\/wp-json\/wp\/v2\/profil?post=13436"}],"curies":[{"name":"wp","href":"https:\/\/api.w.org\/{rel}","templated":true}]}}