{"id":12718,"date":"2024-07-22T14:19:57","date_gmt":"2024-07-22T12:19:57","guid":{"rendered":"https:\/\/www.kazuki.eu\/academy\/?page_id=12718"},"modified":"2025-10-16T17:11:41","modified_gmt":"2025-10-16T15:11:41","slug":"eliane-laxague","status":"publish","type":"page","link":"https:\/\/www.kazuki.eu\/academy\/a-propos\/nos-formateurs\/eliane-laxague\/","title":{"rendered":"Eliane Laxague"},"content":{"rendered":"\n<div style=\"height:30px\" aria-hidden=\"true\" class=\"wp-block-spacer\"><\/div>\n\n\n\n<h1 class=\"wp-block-heading\">Eliane Laxague<\/h1>\n\n\n\n<div class=\"wp-block-columns is-layout-flex wp-container-core-columns-is-layout-28f84493 wp-block-columns-is-layout-flex\">\n<div class=\"wp-block-column is-layout-flow wp-block-column-is-layout-flow\" style=\"flex-basis:100%\">\n<div class=\"wp-block-uagb-container uagb-block-e6bd99b4 alignfull uagb-is-root-container\"><div class=\"uagb-container-inner-blocks-wrap\">\n<div class=\"wp-block-uagb-container uagb-block-726f52a1\">\n<div class=\"wp-block-uagb-image uagb-block-4a6d815a wp-block-uagb-image--layout-default wp-block-uagb-image--effect-static wp-block-uagb-image--align-none\"><figure class=\"wp-block-uagb-image__figure\"><img decoding=\"async\" srcset=\"https:\/\/www.kazuki.eu\/academy\/wp-content\/uploads\/sites\/3\/2024\/07\/eliane-laxague-kazuki-academy.jpg ,https:\/\/www.kazuki.eu\/academy\/wp-content\/uploads\/sites\/3\/2024\/07\/eliane-laxague-kazuki-academy.jpg 780w, https:\/\/www.kazuki.eu\/academy\/wp-content\/uploads\/sites\/3\/2024\/07\/eliane-laxague-kazuki-academy.jpg 360w\" sizes=\"auto, (max-width: 480px) 150px\" src=\"https:\/\/www.kazuki.eu\/academy\/wp-content\/uploads\/sites\/3\/2024\/07\/eliane-laxague-kazuki-academy.jpg\" alt=\"\" class=\"uag-image-12806\" width=\"400\" height=\"400\" title=\"eliane-laxague-kazuki-academy\" loading=\"lazy\" role=\"img\"\/><\/figure><\/div>\n<\/div>\n\n\n\n<div class=\"wp-block-uagb-container uagb-block-8bae6e36\">\n<div class=\"wp-block-group is-layout-constrained wp-block-group-is-layout-constrained\">\n<div class=\"wp-block-group is-layout-constrained wp-block-group-is-layout-constrained\">\n<p>\u00c9tant donn\u00e9 mon \u00e2ge, ma pratique en cabinet dure depuis plus de trente ans, de m\u00eame l\u2019animation d\u2019ateliers et collectifs tous en lien avec le d\u00e9ploiement de la conscience individuelle ou collective&nbsp;; la formation et la supervision de pratiques depuis bient\u00f4t vingt ans, je ne d\u00e9clinerai ici que les aspects principaux de mon parcours.<\/p>\n\n\n\n<p>J\u2019honore la m\u00e9moire de ceux qui m\u2019ont guid\u00e9e sur ce chemin, la plupart ayant rejoint les \u00e9toiles. J\u2019accepte pleinement de poursuivre en transmettant \u00e0 mon tour une posture de vie ouverte, consciente et confiante dans les ressources de l\u2019\u00eatre humain, du vivant.<\/p>\n<\/div>\n\n\n\n<p>J\u2019ai d\u2019abord cru que pour transmettre il fallait accumuler beaucoup de connaissances, devenir expert en sa mati\u00e8re. Un d\u00e9but\u2026 bien insuffisant&nbsp;!<\/p>\n\n\n\n<p>Les circonstances de la vie ont fait que je suis devenue enseignante maternelle et primaire en France. Au travers de l\u2019exercice de ce m\u00e9tier, j\u2019ai compris que transmettre la connaissance suppose de l\u2019organiser de fa\u00e7on que le public puisse s\u2019en saisir, l\u2019int\u00e9grer. Na\u00eet alors mon int\u00e9r\u00eat pour la p\u00e9dagogie.<\/p>\n<\/div>\n<\/div>\n<\/div><\/div>\n<\/div>\n<\/div>\n\n\n\n<div style=\"height:30px\" aria-hidden=\"true\" class=\"wp-block-spacer\"><\/div>\n\n\n\n<p>La pratique des p\u00e9dagogies alternatives au sein de l\u2019institution m\u2019oblige \u00e0 de nombreuses prises de conscience.  Je poursuis ma route, me tourne vers l\u2019animation socio-culturelle.<\/p>\n\n\n\n<p>Quelques ann\u00e9es plus tard, l\u2019arriv\u00e9e de mes enfants me ram\u00e8ne \u00e0 mes int\u00e9r\u00eats premiers et me pousse vers la sophrologie.<\/p>\n\n\n\n<p>\u00c0 nouveau je me passionne et encha\u00eene formation de base et \u00c9cole de l\u2019\u00catre sous la direction d\u2019<a href=\"https:\/\/www.babelio.com\/auteur\/Yves-Davrou\/29038\">Yves Davrou<\/a>. Je commence aussit\u00f4t \u00e0 transmettre. Bien vite s\u2019av\u00e8re la n\u00e9cessit\u00e9 d\u2019approfondir. Je suis donc pendant de nombreuses ann\u00e9es une analyse des profondeurs dirig\u00e9e par une alchimiste jungienne, elle- m\u00eame form\u00e9e par <a href=\"https:\/\/www.marie-louisevonfranz.com\/fr\/page-daccueil\">Marie-Louise von Franz<\/a>, proche collaboratrice de C.G. Jung.<\/p>\n\n\n\n<p>Mon cabinet priv\u00e9 se d\u00e9veloppe et je commence \u00e0 relier sophrologie et analyse de r\u00eaves. L\u2019analyse personnelle devient didactique, je me forme \u00e0 lTREC (Institut Transdisciplinaire de Recherche sur l\u2019\u00caTRE et la Conscience) o\u00f9 je suis marqu\u00e9e par les enseignements de <a href=\"https:\/\/fr.wikipedia.org\/wiki\/Michel_Cazenave\">Michel Cazenave<\/a>, Jacqueline Kelen\u2026<\/p>\n\n\n\n<p>Je reprends alors l\u2019aventure de la transmission et deviens formatrice en Sophrologie Dynamique\u00ae pour le compte des \u00e9coles fran\u00e7aise et belge, de la F\u00e9d\u00e9ration Fran\u00e7aise de Sophrologie Dynamique et &nbsp;de l\u2019AES en Belgique.<\/p>\n\n\n\n<p>Je tiens tout particuli\u00e8rement \u00e0 mes interventions aupr\u00e8s des jeunes en difficult\u00e9 plac\u00e9s dans des foyers de vie.<\/p>\n\n\n\n<h3 class=\"wp-block-heading title-with-separator\">Ses sujets de recherches<\/h3>\n\n\n\n<p>Optimisation de l\u2019outil sophro en vue de :<\/p>\n\n\n\n<ul class=\"wp-block-list\">\n<li>L\u2019\u00e9volution de la conscience humaine<\/li>\n\n\n\n<li>Mieux vivre et s\u2019\u00e9panouir socialement avec un trouble DYS, TDAH, TSA\u2026<\/li>\n\n\n\n<li>L\u2019accompagnement des professionnels de l\u2019\u00e9coute<\/li>\n<\/ul>\n\n\n\n<ul class=\"wp-block-list\">\n<li><\/li>\n<\/ul>\n\n\n\n<ul class=\"wp-block-list\">\n<li><\/li>\n<\/ul>\n\n\n\n<ul class=\"wp-block-list\">\n<li><\/li>\n<\/ul>\n","protected":false},"excerpt":{"rendered":"<p>Eliane Laxague \u00c9tant donn\u00e9 mon \u00e2ge, ma pratique en cabinet dure depuis plus de trente ans, de m\u00eame l\u2019animation d\u2019ateliers et collectifs tous en lien avec le d\u00e9ploiement de la conscience individuelle ou collective&nbsp;; la formation et la supervision de pratiques depuis bient\u00f4t vingt ans, je ne d\u00e9clinerai ici que les aspects principaux de mon [&hellip;]<\/p>\n","protected":false},"author":1,"featured_media":0,"parent":11,"menu_order":0,"comment_status":"closed","ping_status":"closed","template":"","format":[],"meta":{"_uag_custom_page_level_css":"","site-sidebar-layout":"default","site-content-layout":"","ast-site-content-layout":"default","site-content-style":"default","site-sidebar-style":"default","ast-global-header-display":"","ast-banner-title-visibility":"","ast-main-header-display":"","ast-hfb-above-header-display":"","ast-hfb-below-header-display":"","ast-hfb-mobile-header-display":"","site-post-title":"","ast-breadcrumbs-content":"","ast-featured-img":"","footer-sml-layout":"","ast-disable-related-posts":"","theme-transparent-header-meta":"","adv-header-id-meta":"","stick-header-meta":"","header-above-stick-meta":"","header-main-stick-meta":"","header-below-stick-meta":"","astra-migrate-meta-layouts":"default","ast-page-background-enabled":"default","ast-page-background-meta":{"desktop":{"background-color":"var(--ast-global-color-4)","background-image":"","background-repeat":"repeat","background-position":"center center","background-size":"auto","background-attachment":"scroll","background-type":"","background-media":"","overlay-type":"","overlay-color":"","overlay-opacity":"","overlay-gradient":""},"tablet":{"background-color":"","background-image":"","background-repeat":"repeat","background-position":"center center","background-size":"auto","background-attachment":"scroll","background-type":"","background-media":"","overlay-type":"","overlay-color":"","overlay-opacity":"","overlay-gradient":""},"mobile":{"background-color":"","background-image":"","background-repeat":"repeat","background-position":"center center","background-size":"auto","background-attachment":"scroll","background-type":"","background-media":"","overlay-type":"","overlay-color":"","overlay-opacity":"","overlay-gradient":""}},"ast-content-background-meta":{"desktop":{"background-color":"var(--ast-global-color-5)","background-image":"","background-repeat":"repeat","background-position":"center center","background-size":"auto","background-attachment":"scroll","background-type":"","background-media":"","overlay-type":"","overlay-color":"","overlay-opacity":"","overlay-gradient":""},"tablet":{"background-color":"var(--ast-global-color-5)","background-image":"","background-repeat":"repeat","background-position":"center center","background-size":"auto","background-attachment":"scroll","background-type":"","background-media":"","overlay-type":"","overlay-color":"","overlay-opacity":"","overlay-gradient":""},"mobile":{"background-color":"var(--ast-global-color-5)","background-image":"","background-repeat":"repeat","background-position":"center center","background-size":"auto","background-attachment":"scroll","background-type":"","background-media":"","overlay-type":"","overlay-color":"","overlay-opacity":"","overlay-gradient":""}},"footnotes":""},"formateur":[],"niveau":[],"modalite":[],"outil":[],"duree":[],"profil":[],"class_list":["post-12718","page","type-page","status-publish","hentry"],"yoast_head":"<!-- This site is optimized with the Yoast SEO plugin v26.9 - https:\/\/yoast.com\/product\/yoast-seo-wordpress\/ -->\n<title>Eliane Laxague - Kazuki Academy<\/title>\n<meta name=\"robots\" content=\"index, follow, max-snippet:-1, max-image-preview:large, max-video-preview:-1\" \/>\n<link rel=\"canonical\" href=\"https:\/\/www.kazuki.eu\/academy\/a-propos\/nos-formateurs\/eliane-laxague\/\" \/>\n<meta property=\"og:locale\" content=\"fr_FR\" \/>\n<meta property=\"og:type\" content=\"article\" \/>\n<meta property=\"og:title\" content=\"Eliane Laxague - Kazuki Academy\" \/>\n<meta property=\"og:description\" content=\"Eliane Laxague \u00c9tant donn\u00e9 mon \u00e2ge, ma pratique en cabinet dure depuis plus de trente ans, de m\u00eame l\u2019animation d\u2019ateliers et collectifs tous en lien avec le d\u00e9ploiement de la conscience individuelle ou collective&nbsp;; la formation et la supervision de pratiques depuis bient\u00f4t vingt ans, je ne d\u00e9clinerai ici que les aspects principaux de mon [&hellip;]\" \/>\n<meta property=\"og:url\" content=\"https:\/\/www.kazuki.eu\/academy\/a-propos\/nos-formateurs\/eliane-laxague\/\" \/>\n<meta property=\"og:site_name\" content=\"Kazuki Academy\" \/>\n<meta property=\"article:modified_time\" content=\"2025-10-16T15:11:41+00:00\" \/>\n<meta property=\"og:image\" content=\"https:\/\/www.kazuki.eu\/academy\/wp-content\/uploads\/sites\/3\/2024\/07\/eliane-laxague-kazuki-academy.jpg\" \/>\n<meta name=\"twitter:card\" content=\"summary_large_image\" \/>\n<meta name=\"twitter:label1\" content=\"Dur\u00e9e de lecture estim\u00e9e\" \/>\n\t<meta name=\"twitter:data1\" content=\"3 minutes\" \/>\n<script type=\"application\/ld+json\" class=\"yoast-schema-graph\">{\"@context\":\"https:\/\/schema.org\",\"@graph\":[{\"@type\":\"WebPage\",\"@id\":\"https:\/\/www.kazuki.eu\/academy\/a-propos\/nos-formateurs\/eliane-laxague\/\",\"url\":\"https:\/\/www.kazuki.eu\/academy\/a-propos\/nos-formateurs\/eliane-laxague\/\",\"name\":\"Eliane Laxague - Kazuki Academy\",\"isPartOf\":{\"@id\":\"https:\/\/www.kazuki.eu\/academy\/#website\"},\"primaryImageOfPage\":{\"@id\":\"https:\/\/www.kazuki.eu\/academy\/a-propos\/nos-formateurs\/eliane-laxague\/#primaryimage\"},\"image\":{\"@id\":\"https:\/\/www.kazuki.eu\/academy\/a-propos\/nos-formateurs\/eliane-laxague\/#primaryimage\"},\"thumbnailUrl\":\"https:\/\/www.kazuki.eu\/academy\/wp-content\/uploads\/sites\/3\/2024\/07\/eliane-laxague-kazuki-academy.jpg\",\"datePublished\":\"2024-07-22T12:19:57+00:00\",\"dateModified\":\"2025-10-16T15:11:41+00:00\",\"breadcrumb\":{\"@id\":\"https:\/\/www.kazuki.eu\/academy\/a-propos\/nos-formateurs\/eliane-laxague\/#breadcrumb\"},\"inLanguage\":\"fr-FR\",\"potentialAction\":[{\"@type\":\"ReadAction\",\"target\":[\"https:\/\/www.kazuki.eu\/academy\/a-propos\/nos-formateurs\/eliane-laxague\/\"]}]},{\"@type\":\"ImageObject\",\"inLanguage\":\"fr-FR\",\"@id\":\"https:\/\/www.kazuki.eu\/academy\/a-propos\/nos-formateurs\/eliane-laxague\/#primaryimage\",\"url\":\"https:\/\/www.kazuki.eu\/academy\/wp-content\/uploads\/sites\/3\/2024\/07\/eliane-laxague-kazuki-academy.jpg\",\"contentUrl\":\"https:\/\/www.kazuki.eu\/academy\/wp-content\/uploads\/sites\/3\/2024\/07\/eliane-laxague-kazuki-academy.jpg\",\"width\":245,\"height\":254},{\"@type\":\"BreadcrumbList\",\"@id\":\"https:\/\/www.kazuki.eu\/academy\/a-propos\/nos-formateurs\/eliane-laxague\/#breadcrumb\",\"itemListElement\":[{\"@type\":\"ListItem\",\"position\":1,\"name\":\"Accueil\",\"item\":\"https:\/\/www.kazuki.eu\/academy\/\"},{\"@type\":\"ListItem\",\"position\":2,\"name\":\"A propos\",\"item\":\"https:\/\/www.kazuki.eu\/academy\/a-propos\/\"},{\"@type\":\"ListItem\",\"position\":3,\"name\":\"Nos formateurs\",\"item\":\"https:\/\/www.kazuki.eu\/academy\/a-propos\/nos-formateurs\/\"},{\"@type\":\"ListItem\",\"position\":4,\"name\":\"Eliane Laxague\"}]},{\"@type\":\"WebSite\",\"@id\":\"https:\/\/www.kazuki.eu\/academy\/#website\",\"url\":\"https:\/\/www.kazuki.eu\/academy\/\",\"name\":\"Kazuki Academy\",\"description\":\"\",\"publisher\":{\"@id\":\"https:\/\/www.kazuki.eu\/academy\/#organization\"},\"potentialAction\":[{\"@type\":\"SearchAction\",\"target\":{\"@type\":\"EntryPoint\",\"urlTemplate\":\"https:\/\/www.kazuki.eu\/academy\/?s={search_term_string}\"},\"query-input\":{\"@type\":\"PropertyValueSpecification\",\"valueRequired\":true,\"valueName\":\"search_term_string\"}}],\"inLanguage\":\"fr-FR\"},{\"@type\":\"Organization\",\"@id\":\"https:\/\/www.kazuki.eu\/academy\/#organization\",\"name\":\"Kazuki Academy\",\"url\":\"https:\/\/www.kazuki.eu\/academy\/\",\"logo\":{\"@type\":\"ImageObject\",\"inLanguage\":\"fr-FR\",\"@id\":\"https:\/\/www.kazuki.eu\/academy\/#\/schema\/logo\/image\/\",\"url\":\"https:\/\/www.kazuki.eu\/academy\/wp-content\/uploads\/sites\/3\/2023\/12\/cropped-kazuki-logo.png\",\"contentUrl\":\"https:\/\/www.kazuki.eu\/academy\/wp-content\/uploads\/sites\/3\/2023\/12\/cropped-kazuki-logo.png\",\"width\":244,\"height\":112,\"caption\":\"Kazuki Academy\"},\"image\":{\"@id\":\"https:\/\/www.kazuki.eu\/academy\/#\/schema\/logo\/image\/\"}}]}<\/script>\n<!-- \/ Yoast SEO plugin. -->","yoast_head_json":{"title":"Eliane Laxague - Kazuki Academy","robots":{"index":"index","follow":"follow","max-snippet":"max-snippet:-1","max-image-preview":"max-image-preview:large","max-video-preview":"max-video-preview:-1"},"canonical":"https:\/\/www.kazuki.eu\/academy\/a-propos\/nos-formateurs\/eliane-laxague\/","og_locale":"fr_FR","og_type":"article","og_title":"Eliane Laxague - Kazuki Academy","og_description":"Eliane Laxague \u00c9tant donn\u00e9 mon \u00e2ge, ma pratique en cabinet dure depuis plus de trente ans, de m\u00eame l\u2019animation d\u2019ateliers et collectifs tous en lien avec le d\u00e9ploiement de la conscience individuelle ou collective&nbsp;; la formation et la supervision de pratiques depuis bient\u00f4t vingt ans, je ne d\u00e9clinerai ici que les aspects principaux de mon [&hellip;]","og_url":"https:\/\/www.kazuki.eu\/academy\/a-propos\/nos-formateurs\/eliane-laxague\/","og_site_name":"Kazuki Academy","article_modified_time":"2025-10-16T15:11:41+00:00","og_image":[{"url":"https:\/\/www.kazuki.eu\/academy\/wp-content\/uploads\/sites\/3\/2024\/07\/eliane-laxague-kazuki-academy.jpg","type":"","width":"","height":""}],"twitter_card":"summary_large_image","twitter_misc":{"Dur\u00e9e de lecture estim\u00e9e":"3 minutes"},"schema":{"@context":"https:\/\/schema.org","@graph":[{"@type":"WebPage","@id":"https:\/\/www.kazuki.eu\/academy\/a-propos\/nos-formateurs\/eliane-laxague\/","url":"https:\/\/www.kazuki.eu\/academy\/a-propos\/nos-formateurs\/eliane-laxague\/","name":"Eliane Laxague - Kazuki Academy","isPartOf":{"@id":"https:\/\/www.kazuki.eu\/academy\/#website"},"primaryImageOfPage":{"@id":"https:\/\/www.kazuki.eu\/academy\/a-propos\/nos-formateurs\/eliane-laxague\/#primaryimage"},"image":{"@id":"https:\/\/www.kazuki.eu\/academy\/a-propos\/nos-formateurs\/eliane-laxague\/#primaryimage"},"thumbnailUrl":"https:\/\/www.kazuki.eu\/academy\/wp-content\/uploads\/sites\/3\/2024\/07\/eliane-laxague-kazuki-academy.jpg","datePublished":"2024-07-22T12:19:57+00:00","dateModified":"2025-10-16T15:11:41+00:00","breadcrumb":{"@id":"https:\/\/www.kazuki.eu\/academy\/a-propos\/nos-formateurs\/eliane-laxague\/#breadcrumb"},"inLanguage":"fr-FR","potentialAction":[{"@type":"ReadAction","target":["https:\/\/www.kazuki.eu\/academy\/a-propos\/nos-formateurs\/eliane-laxague\/"]}]},{"@type":"ImageObject","inLanguage":"fr-FR","@id":"https:\/\/www.kazuki.eu\/academy\/a-propos\/nos-formateurs\/eliane-laxague\/#primaryimage","url":"https:\/\/www.kazuki.eu\/academy\/wp-content\/uploads\/sites\/3\/2024\/07\/eliane-laxague-kazuki-academy.jpg","contentUrl":"https:\/\/www.kazuki.eu\/academy\/wp-content\/uploads\/sites\/3\/2024\/07\/eliane-laxague-kazuki-academy.jpg","width":245,"height":254},{"@type":"BreadcrumbList","@id":"https:\/\/www.kazuki.eu\/academy\/a-propos\/nos-formateurs\/eliane-laxague\/#breadcrumb","itemListElement":[{"@type":"ListItem","position":1,"name":"Accueil","item":"https:\/\/www.kazuki.eu\/academy\/"},{"@type":"ListItem","position":2,"name":"A propos","item":"https:\/\/www.kazuki.eu\/academy\/a-propos\/"},{"@type":"ListItem","position":3,"name":"Nos formateurs","item":"https:\/\/www.kazuki.eu\/academy\/a-propos\/nos-formateurs\/"},{"@type":"ListItem","position":4,"name":"Eliane Laxague"}]},{"@type":"WebSite","@id":"https:\/\/www.kazuki.eu\/academy\/#website","url":"https:\/\/www.kazuki.eu\/academy\/","name":"Kazuki Academy","description":"","publisher":{"@id":"https:\/\/www.kazuki.eu\/academy\/#organization"},"potentialAction":[{"@type":"SearchAction","target":{"@type":"EntryPoint","urlTemplate":"https:\/\/www.kazuki.eu\/academy\/?s={search_term_string}"},"query-input":{"@type":"PropertyValueSpecification","valueRequired":true,"valueName":"search_term_string"}}],"inLanguage":"fr-FR"},{"@type":"Organization","@id":"https:\/\/www.kazuki.eu\/academy\/#organization","name":"Kazuki Academy","url":"https:\/\/www.kazuki.eu\/academy\/","logo":{"@type":"ImageObject","inLanguage":"fr-FR","@id":"https:\/\/www.kazuki.eu\/academy\/#\/schema\/logo\/image\/","url":"https:\/\/www.kazuki.eu\/academy\/wp-content\/uploads\/sites\/3\/2023\/12\/cropped-kazuki-logo.png","contentUrl":"https:\/\/www.kazuki.eu\/academy\/wp-content\/uploads\/sites\/3\/2023\/12\/cropped-kazuki-logo.png","width":244,"height":112,"caption":"Kazuki Academy"},"image":{"@id":"https:\/\/www.kazuki.eu\/academy\/#\/schema\/logo\/image\/"}}]}},"acf":[],"uagb_featured_image_src":{"full":false,"thumbnail":false,"medium":false,"medium_large":false,"large":false,"1536x1536":false,"2048x2048":false},"uagb_author_info":{"display_name":"Val\u00e9rie Delmulle","author_link":"https:\/\/www.kazuki.eu\/academy\/author\/admin-kazuki2018\/"},"uagb_comment_info":0,"uagb_excerpt":"Eliane Laxague \u00c9tant donn\u00e9 mon \u00e2ge, ma pratique en cabinet dure depuis plus de trente ans, de m\u00eame l\u2019animation d\u2019ateliers et collectifs tous en lien avec le d\u00e9ploiement de la conscience individuelle ou collective&nbsp;; la formation et la supervision de pratiques depuis bient\u00f4t vingt ans, je ne d\u00e9clinerai ici que les aspects principaux de mon\u2026","_links":{"self":[{"href":"https:\/\/www.kazuki.eu\/academy\/wp-json\/wp\/v2\/pages\/12718","targetHints":{"allow":["GET"]}}],"collection":[{"href":"https:\/\/www.kazuki.eu\/academy\/wp-json\/wp\/v2\/pages"}],"about":[{"href":"https:\/\/www.kazuki.eu\/academy\/wp-json\/wp\/v2\/types\/page"}],"author":[{"embeddable":true,"href":"https:\/\/www.kazuki.eu\/academy\/wp-json\/wp\/v2\/users\/1"}],"replies":[{"embeddable":true,"href":"https:\/\/www.kazuki.eu\/academy\/wp-json\/wp\/v2\/comments?post=12718"}],"version-history":[{"count":5,"href":"https:\/\/www.kazuki.eu\/academy\/wp-json\/wp\/v2\/pages\/12718\/revisions"}],"predecessor-version":[{"id":13533,"href":"https:\/\/www.kazuki.eu\/academy\/wp-json\/wp\/v2\/pages\/12718\/revisions\/13533"}],"up":[{"embeddable":true,"href":"https:\/\/www.kazuki.eu\/academy\/wp-json\/wp\/v2\/pages\/11"}],"wp:attachment":[{"href":"https:\/\/www.kazuki.eu\/academy\/wp-json\/wp\/v2\/media?parent=12718"}],"wp:term":[{"taxonomy":"formateur","embeddable":true,"href":"https:\/\/www.kazuki.eu\/academy\/wp-json\/wp\/v2\/formateur?post=12718"},{"taxonomy":"niveau","embeddable":true,"href":"https:\/\/www.kazuki.eu\/academy\/wp-json\/wp\/v2\/niveau?post=12718"},{"taxonomy":"modalite","embeddable":true,"href":"https:\/\/www.kazuki.eu\/academy\/wp-json\/wp\/v2\/modalite?post=12718"},{"taxonomy":"outil","embeddable":true,"href":"https:\/\/www.kazuki.eu\/academy\/wp-json\/wp\/v2\/outil?post=12718"},{"taxonomy":"duree","embeddable":true,"href":"https:\/\/www.kazuki.eu\/academy\/wp-json\/wp\/v2\/duree?post=12718"},{"taxonomy":"format","embeddable":true,"href":"https:\/\/www.kazuki.eu\/academy\/wp-json\/wp\/v2\/format?post=12718"},{"taxonomy":"profil","embeddable":true,"href":"https:\/\/www.kazuki.eu\/academy\/wp-json\/wp\/v2\/profil?post=12718"}],"curies":[{"name":"wp","href":"https:\/\/api.w.org\/{rel}","templated":true}]}}